{"id":9,"date":"2015-11-05T23:44:22","date_gmt":"2015-11-05T23:44:22","guid":{"rendered":"http:\/\/veracruzanadecine.com\/inicio\/?page_id=9"},"modified":"2021-07-27T06:05:48","modified_gmt":"2021-07-27T06:05:48","slug":"experiencia-academica","status":"publish","type":"page","link":"https:\/\/veracruzanadecine.com\/inicio\/la-escuela\/experiencia-academica\/","title":{"rendered":"EXPERIENCIA ACAD\u00c9MICA"},"content":{"rendered":"[spb_column width=\u00bb1\/6&#8243; el_position=\u00bbfirst\u00bb] [\/spb_column] [spb_column width=\u00bb1\/6&#8243;] [spb_text_block animation=\u00bbnone\u00bb animation_delay=\u00bb0&#8243; padding_vertical=\u00bb0&#8243; padding_horizontal=\u00bb0&#8243; width=\u00bb1\/1&#8243; el_position=\u00bbfirst last\u00bb]\n<h2><strong><span style=\"color: #00c5c5;\">Docentes<\/span><\/strong><\/h2>\n[\/spb_text_block] [\/spb_column] [spb_column width=\u00bb1\/2&#8243;] [spb_text_block animation=\u00bbnone\u00bb animation_delay=\u00bb0&#8243; padding_vertical=\u00bb5&#8243; padding_horizontal=\u00bb0&#8243; width=\u00bb1\/1&#8243; el_position=\u00bbfirst last\u00bb]\n<p>Nuestros maestros son\u00a0egresados de diferentes instituciones reconocidas dentro y fuera del pa\u00eds\u00a0y\u00a0participan activamente en la producci\u00f3n cinematogr\u00e1fica tanto nacional\u00a0 como internacional.<\/p>\n[\/spb_text_block] [\/spb_column] [spb_column width=\u00bb1\/6&#8243; el_position=\u00bblast\u00bb] [\/spb_column] [spb_team display_type=\u00bbgallery\u00bb carousel=\u00bbno\u00bb item_columns=\u00bb5&#8243; item_count=\u00bb50&#8243; category=\u00bbdocentes\u00bb pagination=\u00bbno\u00bb fullwidth=\u00bbno\u00bb gutters=\u00bbno\u00bb width=\u00bb1\/1&#8243; el_position=\u00bbfirst last\u00bb] [spb_blank_spacer height=\u00bb30px\u00bb width=\u00bb1\/1&#8243; el_position=\u00bbfirst last\u00bb] [spb_promo_bar display_type=\u00bbpromo-custom\u00bb promo_bar_text=\u00bbExperiencia Acad\u00e9mica\u00bb btn_text=\u00bbButton Text\u00bb btn_color=\u00bbaccent\u00bb target=\u00bb_self\u00bb bg_color=\u00bb#00c5c5&#8243; text_color=\u00bb#ffffff\u00bb fullwidth=\u00bbyes\u00bb width=\u00bb1\/1&#8243; el_position=\u00bbfirst last\u00bb] [spb_blank_spacer height=\u00bb30px\u00bb width=\u00bb1\/1&#8243; el_position=\u00bbfirst last\u00bb] [spb_column width=\u00bb1\/6&#8243; el_position=\u00bbfirst\u00bb] [\/spb_column] [spb_column width=\u00bb2\/3&#8243;] [spb_icon_box box_type=\u00bbleft-icon-alt\u00bb image=\u00bb375&#8243; target=\u00bb_self\u00bb animation=\u00bbnone\u00bb animation_delay=\u00bb0&#8243; width=\u00bb1\/1&#8243; el_position=\u00bbfirst last\u00bb]\n<p>En marzo del 2015 nuestros alumnos de 6to semestre trabajaron en la filmaci\u00f3n de <span style=\"color: #00c5c5;\"><em>Spectre<\/em><\/span>, la \u00faltima pel\u00edcula de James Bond dirigida por <span style=\"color: #00c5c5;\">Sam Mendes<\/span> y considerada una de las producciones m\u00e1s grandes de la historia. Ah\u00ed, estuvieron en contacto con personalidades sobresalientes de la industria del cine, pudieron ser parte del crew de una megaproducci\u00f3n y sumaron a su experiencia.<\/p>\n[\/spb_icon_box] [spb_icon_box box_type=\u00bbleft-icon-alt\u00bb image=\u00bb378&#8243; target=\u00bb_self\u00bb animation=\u00bbnone\u00bb animation_delay=\u00bb0&#8243; width=\u00bb1\/1&#8243; el_position=\u00bbfirst last\u00bb]\n<p>En septiembre del 2014 los alumnos de 5to semestre de la\u00a0<span style=\"color: #00c5c5;\"><a style=\"color: #00c5c5;\" href=\"https:\/\/www.facebook.com\/escueladecineluisbunuel\" data-hovercard=\"\/ajax\/hovercard\/page.php?id=91394082242\">Escuela Veracruzana de Cine Luis Bu\u00f1uel<\/a><\/span>\u00a0trabajaron junto a\u00a0<span style=\"color: #00c5c5;\"><a style=\"color: #00c5c5;\" href=\"https:\/\/www.facebook.com\/pages\/Roger-Deakins\/107851922571661\" data-hovercard=\"\/ajax\/hovercard\/page.php?id=107851922571661\">Roger Deakins<\/a><\/span>\u00a0en el rodaje de <em><span style=\"color: #00c5c5;\">Sicario<\/span><\/em>, film dirigido por el canadiense Denis Villanueve (<span style=\"color: #00c5c5;\"><em>Enemy, Prisioners, In<\/em><\/span><span class=\"text_exposed_show\"><span style=\"color: #00c5c5;\"><em>cendies<\/em><\/span>), el cual cuenta con las actuaciones de Benicio del Toro, Emily Blunt y Josh Brolin.<\/span><\/p>\n<p>Deakins, una leyenda en el mundo del cine, ha fotografiado m\u00e1s de 75 largometrajes, en los que destaca su participaci\u00f3n en las pel\u00edculas de los hermanos Cohen (<span style=\"color: #00c5c5;\"><em>Sin l\u00fagar para los d\u00e9biles, Fargo, El gran Lebowski, El hombre que nunca estuvo ah\u00ed, A serius man y True Grit<\/em><\/span>). Roger Deakins tambi\u00e9n ha colaborado con Sam Mendes (<span style=\"color: #00c5c5;\"><em>Revolucionary Road, Skyfall 007<\/em><\/span>) y Ron Howard (<span style=\"color: #00c5c5;\"><em>Una mente brillante<\/em><\/span>).<\/p>\n[\/spb_icon_box] [\/spb_column] [spb_column width=\u00bb1\/6&#8243; el_position=\u00bblast\u00bb] [\/spb_column] [spb_blank_spacer height=\u00bb30px\u00bb width=\u00bb1\/1&#8243; el_position=\u00bbfirst last\u00bb]\n","protected":false},"excerpt":{"rendered":"<p>[spb_column width=\u00bb1\/6&#8243; el_position=\u00bbfirst\u00bb] [\/spb_column] [spb_column width=\u00bb1\/6&#8243;] [spb_text_block animation=\u00bbnone\u00bb animation_delay=\u00bb0&#8243; padding_vertical=\u00bb0&#8243; padding_horizontal=\u00bb0&#8243; width=\u00bb1\/1&#8243; el_position=\u00bbfirst last\u00bb] Docentes [\/spb_text_block] [\/spb_column] [spb_column width=\u00bb1\/2&#8243;] [spb_text_block animation=\u00bbnone\u00bb animation_delay=\u00bb0&#8243; padding_vertical=\u00bb5&#8243; padding_horizontal=\u00bb0&#8243; width=\u00bb1\/1&#8243; el_position=\u00bbfirst last\u00bb] Nuestros maestros son\u00a0egresados de diferentes instituciones reconocidas dentro y fuera del pa\u00eds\u00a0y\u00a0participan activamente en la producci\u00f3n cinematogr\u00e1fica tanto nacional\u00a0 como internacional. [\/spb_text_block] [\/spb_column] [spb_column width=\u00bb1\/6&#8243; el_position=\u00bblast\u00bb] [\/spb_column] [spb_team display_type=\u00bbgallery\u00bb carousel=\u00bbno\u00bb item_columns=\u00bb5&#8243; item_count=\u00bb50&#8243; category=\u00bbdocentes\u00bb [&hellip;]<\/p>\n","protected":false},"author":1,"featured_media":0,"parent":26,"menu_order":0,"comment_status":"closed","ping_status":"closed","template":"","meta":[],"_links":{"self":[{"href":"https:\/\/veracruzanadecine.com\/inicio\/wp-json\/wp\/v2\/pages\/9"}],"collection":[{"href":"https:\/\/veracruzanadecine.com\/inicio\/wp-json\/wp\/v2\/pages"}],"about":[{"href":"https:\/\/veracruzanadecine.com\/inicio\/wp-json\/wp\/v2\/types\/page"}],"author":[{"embeddable":true,"href":"https:\/\/veracruzanadecine.com\/inicio\/wp-json\/wp\/v2\/users\/1"}],"replies":[{"embeddable":true,"href":"https:\/\/veracruzanadecine.com\/inicio\/wp-json\/wp\/v2\/comments?post=9"}],"version-history":[{"count":37,"href":"https:\/\/veracruzanadecine.com\/inicio\/wp-json\/wp\/v2\/pages\/9\/revisions"}],"predecessor-version":[{"id":2455,"href":"https:\/\/veracruzanadecine.com\/inicio\/wp-json\/wp\/v2\/pages\/9\/revisions\/2455"}],"up":[{"embeddable":true,"href":"https:\/\/veracruzanadecine.com\/inicio\/wp-json\/wp\/v2\/pages\/26"}],"wp:attachment":[{"href":"https:\/\/veracruzanadecine.com\/inicio\/wp-json\/wp\/v2\/media?parent=9"}],"curies":[{"name":"wp","href":"https:\/\/api.w.org\/{rel}","templated":true}]}}