{"id":5,"date":"2015-11-05T23:42:08","date_gmt":"2015-11-05T23:42:08","guid":{"rendered":"http:\/\/veracruzanadecine.com\/inicio\/?page_id=5"},"modified":"2026-03-18T17:00:03","modified_gmt":"2026-03-18T17:00:03","slug":"licenciatura","status":"publish","type":"page","link":"https:\/\/veracruzanadecine.com\/inicio\/licenciatura\/","title":{"rendered":"PLAN DE ESTUDIOS LICENCIATURA"},"content":{"rendered":"[spb_text_block animation=\u00bbnone\u00bb animation_delay=\u00bb0&#8243; padding_vertical=\u00bb0&#8243; padding_horizontal=\u00bb8&#8243; width=\u00bb3\/4&#8243; el_position=\u00bbfirst last\u00bb]\n<p><span style=\"color: #00c5c5;\"><span style=\"color: #33cccc;\">RVOE SEV ES\/012\/2012<\/span><strong><br \/>\n<\/strong><\/span><strong>Duraci\u00f3n:<\/strong> 4 a\u00f1os<strong><br \/>\nExamen de Admisi\u00f3n: <\/strong>21 de marzo de 2026<br \/>\n<strong>Inicio de clases: <\/strong>agosto de 2026<\/p>\n<p>Convi\u00e9rtete en un profesional del lenguaje cinematogr\u00e1fico mediante el estudio te\u00f3rico y pr\u00e1ctico de la expresi\u00f3n y las t\u00e9cnicas f\u00edlmicas.\u00a0Al tiempo que profundizas sobre el trabajo de los grandes directores y exploras tus capacidades creativas, podr\u00e1s filmar tus propios proyectos y gritar \u201cacci\u00f3n\u201d desde el primer semestre.<br \/>\nNuestra Escuela ofrece una Licenciatura en Cinematograf\u00eda\u00a0<span style=\"color: #33cccc;\">RVOE SEV\u00a0ES\/012\/2012<\/span>\u00a0con validez oficial en el pa\u00eds.<\/p>\n<a class=\"sf-button standard grey sf-icon-reveal \" href=\"https:\/\/veracruzanadecine.com\/inicio\/wp-content\/uploads\/2026\/02\/CONVOCATORIA-2026-LICENCIATURA-EN-CINEMATOGRAFIA-EVCLB.pdf\" target=\"_self\" rel=\"\"><i class=\"\"><\/i><span class=\"text\"><span style=\"color: #33cccc;\"><strong>CONVOCATORIA | PR\u00d3XIMO EXAMEN DE ADMISI\u00d3N<\/strong><\/span><\/span><\/a>\n<p>#EstudiaCine<br \/>\n<span style=\"color: #808000;\"><span style=\"color: #33cccc;\"><strong>Informes:<\/strong><\/span>\u00a0<\/span><a href=\"mailto:contacto@veracruzanadecine.com\">contacto@veracruzanadecine.com<\/a><a href=\"mailto:veracruzanadecine@gmail.com\"><br \/>\n<\/a><span style=\"color: #33cccc;\"><strong>Tel\u00e9fono:<\/strong><\/span> 52\u00a0(228) 818 6862<\/p>\n<p><span style=\"color: #33cccc;\"><strong>WhatsApp: <\/strong><span style=\"color: #000000;\">(228) 195 7496<\/span><\/span><\/p>\n<p>&nbsp;<\/p>\n<p>&nbsp;<\/p>\n[\/spb_text_block] [spb_row wrap_type=\u00bbcontent-width\u00bb row_bg_type=\u00bbcolor\u00bb row_bg_color=\u00bb#2a3343&#8243; bg_type=\u00bbcover\u00bb parallax_image_height=\u00bbcontent-height\u00bb parallax_image_movement=\u00bbfixed\u00bb parallax_image_speed=\u00bb0.5&#8243; parallax_video_height=\u00bbwindow-height\u00bb parallax_video_overlay=\u00bbnone\u00bb row_overlay_opacity=\u00bb0&#8243; row_padding_vertical=\u00bb0&#8243; row_margin_vertical=\u00bb0&#8243; remove_element_spacing=\u00bbyes\u00bb vertical_center=\u00bbtrue\u00bb width=\u00bb1\/1&#8243; el_position=\u00bbfirst last\u00bb] [spb_image image=\u00bb848&#8243; image_size=\u00bbfull\u00bb image_width=\u00bb1150&#8243; frame=\u00bbnoframe\u00bb intro_animation=\u00bbnone\u00bb animation_delay=\u00bb200&#8243; fullwidth=\u00bbyes\u00bb lightbox=\u00bbno\u00bb link_target=\u00bb_self\u00bb caption_pos=\u00bbhover\u00bb width=\u00bb1\/1&#8243; el_position=\u00bbfirst last\u00bb] [\/spb_row] [spb_row parallax_image_height=\u00bbcontent-height\u00bb parallax_image_movement=\u00bbfixed\u00bb parallax_image_speed=\u00bb0.5&#8243; parallax_video_height=\u00bbwindow-height\u00bb parallax_video_overlay=\u00bbnone\u00bb row_overlay_opacity=\u00bb0&#8243; vertical_center=\u00bbtrue\u00bb width=\u00bb1\/1&#8243; el_position=\u00bbfirst last\u00bb] [spb_text_block animation=\u00bbfade-from-bottom\u00bb animation_delay=\u00bb0&#8243; padding_vertical=\u00bb0&#8243; padding_horizontal=\u00bb0&#8243; width=\u00bb1\/4&#8243; el_position=\u00bbfirst\u00bb]\n<h3><span style=\"color: #33cccc;\">PRIMER SEMESTRE<\/span><\/h3>\n<hr \/>\n<h6><ul class=\"sf-list \">\n<li><i class=\"fa-check-square-o\"><\/i><span>Direcci\u00f3n I<\/span><\/li>\n<li><i class=\"fa-check-square-o\"><\/i><span>Pr\u00e1cticas cinematogr\u00e1ficas I<\/span><\/li>\n<li><i class=\"fa-check-square-o\"><\/i><span>Fotograf\u00eda I<\/span><\/li>\n<li><i class=\"fa-check-square-o\"><\/i><span>Gui\u00f3n de ficci\u00f3n I<\/span><\/li>\n<li><i class=\"fa-check-square-o\"><\/i><span>Seminario historia del arte<\/span><\/li>\n<li><i class=\"fa-check-square-o\"><\/i><span>An\u00e1lisis cinematogr\u00e1fico I<\/span><\/li>\n<li><i class=\"fa-check-square-o\"><\/i><span>Historia del cine I<\/span><\/li>\n<li><i class=\"fa-check-square-o\"><\/i><span>Taller de redacci\u00f3n para cine<\/span><\/li>\n<li><i class=\"fa-check-square-o\"><\/i><span>Ingl\u00e9s I<\/span><\/li>\n<\/ul><\/h6>\n[\/spb_text_block] [spb_text_block animation=\u00bbfade-from-bottom\u00bb animation_delay=\u00bb0&#8243; padding_vertical=\u00bb0&#8243; padding_horizontal=\u00bb0&#8243; width=\u00bb1\/4&#8243;]\n<h3><span style=\"color: #33cccc;\">SEGUNDO\u00a0SEMESTRE<\/span><\/h3>\n<hr \/>\n<h6><ul class=\"sf-list \">\n<li><i class=\"fa-check-square-o\"><\/i><span>Direcci\u00f3n II<\/span><\/li>\n<li><i class=\"fa-check-square-o\"><\/i><span>Direcci\u00f3n de actores <\/span><\/li>\n<li><i class=\"fa-check-square-o\"><\/i><span>Fotograf\u00eda II<\/span><\/li>\n<li><i class=\"fa-check-square-o\"><\/i><span>Gui\u00f3n de ficci\u00f3n II<\/span><\/li>\n<li><i class=\"fa-check-square-o\"><\/i><span>An\u00e1lisis cinematogr\u00e1fico II<\/span><\/li>\n<li><i class=\"fa-check-square-o\"><\/i><span>Edici\u00f3n I<\/span><\/li>\n<li><i class=\"fa-check-square-o\"><\/i><span>Historia del cine II<\/span><\/li>\n<li><i class=\"fa-check-square-o\"><\/i><span>Estructuras y formatos<\/span><\/li>\n<li><i class=\"fa-check-square-o\"><\/i><span>Ingl\u00e9s II<\/span><\/li><\/h6>\n<h6><\/ul><\/h6>\n[\/spb_text_block] [spb_text_block animation=\u00bbfade-from-bottom\u00bb animation_delay=\u00bb0&#8243; padding_vertical=\u00bb0&#8243; padding_horizontal=\u00bb0&#8243; width=\u00bb1\/4&#8243;]\n<h3><span style=\"color: #33cccc;\">TERCER\u00a0SEMESTRE<\/span><\/h3>\n<hr \/>\n<h6><ul class=\"sf-list \">\n<li><i class=\"fa-check-square-o\"><\/i><span>Cine mexicano I<\/span><\/li>\n<li><i class=\"fa-check-square-o\"><\/i><span>Pr\u00e1cticas cinematogr\u00e1ficas II (Proyecto documental)<\/span><\/li>\n<li><i class=\"fa-check-square-o\"><\/i><span>An\u00e1lisis de documental<\/span><\/li>\n<li><i class=\"fa-check-square-o\"><\/i><span>Sonido directo<\/span><\/li>\n<li><i class=\"fa-check-square-o\"><\/i><span>Seminario de cine documental<\/span><\/li>\n<li><i class=\"fa-check-square-o\"><\/i><span>Gui\u00f3n de documental<\/span><\/li>\n<li><i class=\"fa-check-square-o\"><\/i><span>Cinefotograf\u00eda I<\/span><\/li>\n<li><i class=\"fa-check-square-o\"><\/i><span>Actuaci\u00f3n<\/span><\/li>\n<li><i class=\"\"><\/i><span><\/span><\/li>\n<\/ul><\/h6>\n[\/spb_text_block] [spb_text_block animation=\u00bbfade-from-bottom\u00bb animation_delay=\u00bb0&#8243; padding_vertical=\u00bb0&#8243; padding_horizontal=\u00bb0&#8243; width=\u00bb1\/4&#8243; el_position=\u00bblast\u00bb]\n<h3><span style=\"color: #33cccc;\">CUARTO\u00a0SEMESTRE<\/span><\/h3>\n<hr \/>\n<h6><ul class=\"sf-list \">\n<li><i class=\"fa-check-square-o\"><\/i><span>Cinefotograf\u00eda II<\/span><\/li>\n<li><i class=\"fa-check-square-o\"><\/i><span>Direcci\u00f3n de arte I<\/span><\/li>\n<li><i class=\"fa-check-square-o\"><\/i><span>Producci\u00f3n I<\/span><\/li>\n<li><i class=\"fa-check-square-o\"><\/i><span>Cine mexicano II<\/span><\/li>\n<li><i class=\"fa-check-square-o\"><\/i><span>Historia del cine III<\/span><\/li>\n<li><i class=\"fa-check-square-o\"><\/i><span>Gui\u00f3n de ficci\u00f3n III<\/span><\/li>\n<li><i class=\"fa-check-square-o\"><\/i><span>Edici\u00f3n II<\/span><\/li>\n<li><i class=\"fa-check-square-o\"><\/i><span>Dise\u00f1o sonoro<\/span><\/li>\n<li><i class=\"\"><\/i><span><\/span><\/li>\n<\/ul><\/h6>\n[\/spb_text_block] [\/spb_row] [spb_divider type=\u00bbthin\u00bb text=\u00bbGo to top\u00bb top_margin=\u00bb0px\u00bb bottom_margin=\u00bb0px\u00bb fullwidth=\u00bbyes\u00bb width=\u00bb1\/1&#8243; el_position=\u00bbfirst last\u00bb] [spb_text_block animation=\u00bbfade-from-bottom\u00bb animation_delay=\u00bb0&#8243; padding_vertical=\u00bb0&#8243; padding_horizontal=\u00bb0&#8243; width=\u00bb1\/4&#8243; el_position=\u00bbfirst\u00bb]\n<h3><span style=\"color: #33cccc;\">QUINTO\u00a0SEMESTRE<\/span><\/h3>\n<hr \/>\n<h6><ul class=\"sf-list \">\n<li><i class=\"fa-check-square-o\"><\/i><span>Seminario de cine contempor\u00e1neo I<\/span><\/li>\n<li><i class=\"fa-check-square-o\"><\/i><span>Procesos creativos I<\/span><\/li>\n<li><i class=\"fa-check-square-o\"><\/i><span>Producci\u00f3n II<\/span><\/li>\n<li><i class=\"fa-check-square-o\"><\/i><span>Elaboraci\u00f3n de proyectos I<\/span><\/li>\n<li><i class=\"fa-check-square-o\"><\/i><span>Direcci\u00f3n de arte II<\/span><\/li>\n<li><i class=\"fa-check-square-o\"><\/i><span>Gui\u00f3n de ficci\u00f3n IV<\/span><\/li>\n<li><i class=\"fa-check-square-o\"><\/i><span>Postproducci\u00f3n de imagen<\/span><\/li>\n<li><i class=\"fa-check-square-o\"><\/i><span>Cinefotograf\u00eda III<\/span><\/li>\n<li><i class=\"fa-check-square-o\"><\/i><span>Pr\u00e1cticas cinematogr\u00e1ficas III<\/span><\/li>\n<\/ul><\/h6>\n[\/spb_text_block] [spb_text_block animation=\u00bbfade-from-bottom\u00bb animation_delay=\u00bb0&#8243; padding_vertical=\u00bb0&#8243; padding_horizontal=\u00bb0&#8243; width=\u00bb1\/4&#8243;]\n<h3><span style=\"color: #33cccc;\">SEXTO\u00a0SEMESTRE<\/span><\/h3>\n<hr \/>\n<h6><ul class=\"sf-list \">\n<li><i class=\"fa-check-square-o\"><\/i><span>Tecnolog\u00eda avanzada del cine<\/span><\/li>\n<li><i class=\"fa-check-square-o\"><\/i><span>Seminario de cine contempor\u00e1neo II<\/span><\/li>\n<li><i class=\"fa-check-square-o\"><\/i><span>Elaboraci\u00f3n de proyectos II<\/span><\/li>\n<li><i class=\"fa-check-square-o\"><\/i><span>Taller de continuidad<\/span><\/li>\n<li><i class=\"fa-check-square-o\"><\/i><span>Promoci\u00f3n y distribuci\u00f3n<\/span><\/li>\n<li><i class=\"fa-check-square-o\"><\/i><span>Cinefotograf\u00eda IV<\/span><\/li>\n<li><i class=\"fa-check-square-o\"><\/i><span>Procesos creativos II<\/span><\/li>\n<li><i class=\"fa-check-square-o\"><\/i><span>Gui\u00f3n de ficci\u00f3n V<\/span><\/li>\n<li><i class=\"fa-check-square-o\"><\/i><span>Desarrollo de carpetas de producci\u00f3n<\/span><\/li>\n<\/ul><\/h6>\n[\/spb_text_block] [spb_text_block animation=\u00bbfade-from-bottom\u00bb animation_delay=\u00bb0&#8243; padding_vertical=\u00bb0&#8243; padding_horizontal=\u00bb0&#8243; width=\u00bb1\/4&#8243;]\n<h3><span style=\"color: #33cccc;\">SEPTIMO\u00a0SEMESTRE<\/span><\/h3>\n<hr \/>\n<h6><ul class=\"sf-list \">\n<li><i class=\"fa-check-square-o\"><\/i><span>Seminario de tesis I<\/span><\/li>\n<li><i class=\"fa-check-square-o\"><\/i><span>Proyecto final I<\/span><\/li>\n<li><i class=\"fa-check-square-o\"><\/i><span>Preproducci\u00f3n proyecto final<\/span><\/li>\n<li><i class=\"fa-check-square-o\"><\/i><span>Producci\u00f3n proyecto final I<\/span><\/li>\n<li><i class=\"fa-check-square-o\"><\/i><span>Servicio social<\/span><\/li>\n<li><i class=\"fa-check-square-o\"><\/i><span>Optativa I<\/span><\/li>\n<li><i class=\"fa-check-square-o\"><\/i><span>Optativa II<\/span><\/li>\n<li><i class=\"\"><\/i><span><\/span><\/li>\n<li><i class=\"\"><\/i><span><\/span><\/li>\n<\/ul><\/h6>\n[\/spb_text_block] [spb_text_block animation=\u00bbfade-from-bottom\u00bb animation_delay=\u00bb0&#8243; padding_vertical=\u00bb0&#8243; padding_horizontal=\u00bb0&#8243; width=\u00bb1\/4&#8243; el_position=\u00bblast\u00bb]\n<h3><span style=\"color: #33cccc;\">OCTAVO\u00a0SEMESTRE<\/span><\/h3>\n<hr \/>\n<h6><ul class=\"sf-list \">\n<li><i class=\"fa-check-square-o\"><\/i><span>Seminario de tesis II<\/span><\/li>\n<li><i class=\"fa-check-square-o\"><\/i><span>Proyecto final II<\/span><\/li>\n<li><i class=\"fa-check-square-o\"><\/i><span>Producci\u00f3n proyecto final II<\/span><\/li>\n<li><i class=\"fa-check-square-o\"><\/i><span>Postproducci\u00f3n proyecto final<\/span><\/li>\n<li><i class=\"fa-check-square-o\"><\/i><span>Pr\u00e1cticas cinematogr\u00e1ficas IV<\/span><\/li>\n<li><i class=\"fa-check-square-o\"><\/i><span>Optativa III<\/span><\/li>\n<li><i class=\"fa-check-square-o\"><\/i><span>Optativa IV<\/span><\/li>\n<li><i class=\"\"><\/i><span><\/span><\/li>\n<li><i class=\"\"><\/i><span><\/span><\/li>\n<\/ul><\/h6>\n[\/spb_text_block] [spb_text_block animation=\u00bbnone\u00bb animation_delay=\u00bb0&#8243; padding_vertical=\u00bb0&#8243; padding_horizontal=\u00bb0&#8243; width=\u00bb3\/4&#8243; el_position=\u00bbfirst last\u00bb]\n<p>&nbsp;<\/p>\n<a class=\"sf-button standard grey sf-icon-reveal \" href=\"https:\/\/veracruzanadecine.com\/inicio\/wp-content\/uploads\/2015\/11\/CONVOCATORIA-2026-LICENCIATURA-EN-CINEMATOGRAFIA-EVCLB-1.pdf\" target=\"_self\" rel=\"\"><i class=\"\"><\/i><span class=\"text\"><span style=\"color: #33cccc;\"><strong>CONVOCATORIA | PR\u00d3XIMO EXAMEN DE ADMISI\u00d3N<\/strong><\/span><\/span><\/a>\n<p>&nbsp;<\/p>\n<p>#EstudiaCine<br \/>\n<span style=\"color: #33cccc;\"><strong>Informes:<\/strong> <span style=\"color: #3366ff;\"><a style=\"color: #3366ff;\" href=\"mailto:contacto@veracruzanadecine.com\">contacto@veracruzanadecine.com<\/a><\/span><a style=\"color: #33cccc;\" href=\"mailto:veracruzanadecine@gmail.com\"><br \/>\n<\/a><strong>Tel\u00e9fono:<\/strong> <\/span>52\u00a0(228) 818 6862<\/p>\n<p><span style=\"color: #33cccc;\"><strong>WhatsApp: <\/strong><span style=\"color: #000000;\">(228) 313 9012\u00a0<\/span><\/span><\/p>\n<p>&nbsp;<\/p>\n<p>&nbsp;<\/p>\n[\/spb_text_block]\n","protected":false},"excerpt":{"rendered":"<p>[spb_text_block animation=\u00bbnone\u00bb animation_delay=\u00bb0&#8243; padding_vertical=\u00bb0&#8243; padding_horizontal=\u00bb8&#8243; width=\u00bb3\/4&#8243; el_position=\u00bbfirst last\u00bb] RVOE SEV ES\/012\/2012 Duraci\u00f3n: 4 a\u00f1os Examen de Admisi\u00f3n: 21 de marzo de 2026 Inicio de clases: agosto de 2026 Convi\u00e9rtete en un profesional del lenguaje cinematogr\u00e1fico mediante el estudio te\u00f3rico y pr\u00e1ctico de la expresi\u00f3n y las t\u00e9cnicas f\u00edlmicas.\u00a0Al tiempo que profundizas sobre el trabajo de los grandes directores y exploras [&hellip;]<\/p>\n","protected":false},"author":1,"featured_media":32,"parent":0,"menu_order":0,"comment_status":"closed","ping_status":"closed","template":"","meta":[],"_links":{"self":[{"href":"https:\/\/veracruzanadecine.com\/inicio\/wp-json\/wp\/v2\/pages\/5"}],"collection":[{"href":"https:\/\/veracruzanadecine.com\/inicio\/wp-json\/wp\/v2\/pages"}],"about":[{"href":"https:\/\/veracruzanadecine.com\/inicio\/wp-json\/wp\/v2\/types\/page"}],"author":[{"embeddable":true,"href":"https:\/\/veracruzanadecine.com\/inicio\/wp-json\/wp\/v2\/users\/1"}],"replies":[{"embeddable":true,"href":"https:\/\/veracruzanadecine.com\/inicio\/wp-json\/wp\/v2\/comments?post=5"}],"version-history":[{"count":136,"href":"https:\/\/veracruzanadecine.com\/inicio\/wp-json\/wp\/v2\/pages\/5\/revisions"}],"predecessor-version":[{"id":10901,"href":"https:\/\/veracruzanadecine.com\/inicio\/wp-json\/wp\/v2\/pages\/5\/revisions\/10901"}],"wp:featuredmedia":[{"embeddable":true,"href":"https:\/\/veracruzanadecine.com\/inicio\/wp-json\/wp\/v2\/media\/32"}],"wp:attachment":[{"href":"https:\/\/veracruzanadecine.com\/inicio\/wp-json\/wp\/v2\/media?parent=5"}],"curies":[{"name":"wp","href":"https:\/\/api.w.org\/{rel}","templated":true}]}}