{"id":4055,"date":"2019-08-05T02:01:32","date_gmt":"2019-08-05T02:01:32","guid":{"rendered":"http:\/\/veracruzanadecine.com\/inicio\/?page_id=4055"},"modified":"2019-08-05T02:45:15","modified_gmt":"2019-08-05T02:45:15","slug":"perfil-de-egreso","status":"publish","type":"page","link":"https:\/\/veracruzanadecine.com\/inicio\/la-escuela\/perfil-de-egreso\/","title":{"rendered":"Perfil de egreso"},"content":{"rendered":"<h2>Perfil de egreso<\/h2>\n<p>&nbsp;<\/p>\n<p>Desde la producci\u00f3n creativa y la realizaci\u00f3n de materiales audiovisuales, el egresado de la licenciatura en cinematograf\u00eda de la EVCLB ser\u00e1 capaz de:<\/p>\n<p>&nbsp;<\/p>\n<ul>\n<li>Insertarse de manera laboral en las diferentes \u00e1reas de creaci\u00f3n cinematogr\u00e1fica y de los medios audiovisuales.<\/li>\n<li>Utilizar correctamente el\u00a0 lenguaje cinematogr\u00e1fico.<\/li>\n<li>Dominar autores, g\u00e9neros y corrientes cinematogr\u00e1ficas.<\/li>\n<li>Dise\u00f1ar, analizar y crear guiones cinematogr\u00e1ficos.<\/li>\n<li>Ejecutar h\u00e1bilmente procesos de producci\u00f3n y postproducci\u00f3n.<\/li>\n<li>Gestionar y promover sus trabajos f\u00edlmicos<\/li>\n<li>Realizar an\u00e1lisis y cr\u00edtica cinematogr\u00e1fica.<\/li>\n<li>Dise\u00f1ar y emprender proyectos interdisciplinarios.<\/li>\n<li>\u00a0Integrarse a la actividad docente en el \u00e1rea audiovisual.<\/li>\n<\/ul>\n<p>&nbsp;<\/p>\n<p>El campo de trabajo del egresado de la EVCLB es amplio y variado:<\/p>\n<p>&nbsp;<\/p>\n<ul>\n<li>Compa\u00f1\u00edas productoras cinematogr\u00e1ficas.<\/li>\n<li>Instituciones cinematogr\u00e1ficas.<\/li>\n<li>Centros educativos de ense\u00f1anza audiovisual.<\/li>\n<li>Televisoras.<\/li>\n<li>Plataformas de streaming.<\/li>\n<li>Gesti\u00f3n cultural.<\/li>\n<li>Festivales y muestras de cine.<\/li>\n<li>Profesional en la producci\u00f3n y\/o distribuci\u00f3n de pel\u00edculas, documentales, series para televisi\u00f3n e internet,\u00a0 videos musicales y comerciales.<\/li>\n<li>Cr\u00edtico de cine.<\/li>\n<li>Historiador de cine.<\/li>\n<li>Curador de ciclos cinematogr\u00e1ficos.<\/li>\n<li>Creador de proyectos propios que le permitan una carrera en el mundo f\u00edlmico.<\/li>\n<\/ul>\n","protected":false},"excerpt":{"rendered":"<p>Perfil de egreso &nbsp; Desde la producci\u00f3n creativa y la realizaci\u00f3n de materiales audiovisuales, el egresado de la licenciatura en cinematograf\u00eda de la EVCLB ser\u00e1 capaz de: &nbsp; Insertarse de manera laboral en las diferentes \u00e1reas de creaci\u00f3n cinematogr\u00e1fica y de los medios audiovisuales. Utilizar correctamente el\u00a0 lenguaje cinematogr\u00e1fico. Dominar autores, g\u00e9neros y corrientes cinematogr\u00e1ficas. Dise\u00f1ar, analizar y crear guiones [&hellip;]<\/p>\n","protected":false},"author":1,"featured_media":0,"parent":26,"menu_order":0,"comment_status":"closed","ping_status":"closed","template":"","meta":[],"_links":{"self":[{"href":"https:\/\/veracruzanadecine.com\/inicio\/wp-json\/wp\/v2\/pages\/4055"}],"collection":[{"href":"https:\/\/veracruzanadecine.com\/inicio\/wp-json\/wp\/v2\/pages"}],"about":[{"href":"https:\/\/veracruzanadecine.com\/inicio\/wp-json\/wp\/v2\/types\/page"}],"author":[{"embeddable":true,"href":"https:\/\/veracruzanadecine.com\/inicio\/wp-json\/wp\/v2\/users\/1"}],"replies":[{"embeddable":true,"href":"https:\/\/veracruzanadecine.com\/inicio\/wp-json\/wp\/v2\/comments?post=4055"}],"version-history":[{"count":2,"href":"https:\/\/veracruzanadecine.com\/inicio\/wp-json\/wp\/v2\/pages\/4055\/revisions"}],"predecessor-version":[{"id":4062,"href":"https:\/\/veracruzanadecine.com\/inicio\/wp-json\/wp\/v2\/pages\/4055\/revisions\/4062"}],"up":[{"embeddable":true,"href":"https:\/\/veracruzanadecine.com\/inicio\/wp-json\/wp\/v2\/pages\/26"}],"wp:attachment":[{"href":"https:\/\/veracruzanadecine.com\/inicio\/wp-json\/wp\/v2\/media?parent=4055"}],"curies":[{"name":"wp","href":"https:\/\/api.w.org\/{rel}","templated":true}]}}