{"id":4053,"date":"2019-08-05T01:46:39","date_gmt":"2019-08-05T01:46:39","guid":{"rendered":"http:\/\/veracruzanadecine.com\/inicio\/?page_id=4053"},"modified":"2019-08-05T02:44:30","modified_gmt":"2019-08-05T02:44:30","slug":"perfil-de-ingreso","status":"publish","type":"page","link":"https:\/\/veracruzanadecine.com\/inicio\/la-escuela\/perfil-de-ingreso\/","title":{"rendered":"Perfil de ingreso"},"content":{"rendered":"<h2>Perfil de ingreso<\/h2>\n<p>Alumno de bachillerato o nivel superior que presente las siguientes caracter\u00edsticas:<\/p>\n<p>&nbsp;<\/p>\n<ul>\n<li>Capacidad creativa.<\/li>\n<li>Pensamiento cr\u00edtico.<\/li>\n<li>Gusto por la lectura y la escritura<\/li>\n<li>Conocimiento b\u00e1sico de medios audiovisuales (video, radio, cine, audio).<\/li>\n<li>Facilidad para establecer relaciones interpersonales y trabajo en equipo.<\/li>\n<li>Habilidad para contar historias<\/li>\n<li>Capacidad de an\u00e1lisis y sensibilidad art\u00edstica.<\/li>\n<li>Conocimientos b\u00e1sicos de cultura general: historia, arte, econom\u00eda nacional e internacional.<\/li>\n<li>Poseer\u00a0 disciplina, compromiso y constancia.<\/li>\n<li>Presentar resistencia ante\u00a0 situaciones demandantes.<\/li>\n<li>Saber solucionar situaciones bajo presi\u00f3n.<\/li>\n<\/ul>\n<p>Conocimientos b\u00e1sicos de lengua inglesa<\/p>\n","protected":false},"excerpt":{"rendered":"<p>Perfil de ingreso Alumno de bachillerato o nivel superior que presente las siguientes caracter\u00edsticas: &nbsp; Capacidad creativa. Pensamiento cr\u00edtico. Gusto por la lectura y la escritura Conocimiento b\u00e1sico de medios audiovisuales (video, radio, cine, audio). Facilidad para establecer relaciones interpersonales y trabajo en equipo. Habilidad para contar historias Capacidad de an\u00e1lisis y sensibilidad art\u00edstica. Conocimientos b\u00e1sicos de cultura general: historia, [&hellip;]<\/p>\n","protected":false},"author":1,"featured_media":0,"parent":26,"menu_order":0,"comment_status":"closed","ping_status":"closed","template":"","meta":[],"_links":{"self":[{"href":"https:\/\/veracruzanadecine.com\/inicio\/wp-json\/wp\/v2\/pages\/4053"}],"collection":[{"href":"https:\/\/veracruzanadecine.com\/inicio\/wp-json\/wp\/v2\/pages"}],"about":[{"href":"https:\/\/veracruzanadecine.com\/inicio\/wp-json\/wp\/v2\/types\/page"}],"author":[{"embeddable":true,"href":"https:\/\/veracruzanadecine.com\/inicio\/wp-json\/wp\/v2\/users\/1"}],"replies":[{"embeddable":true,"href":"https:\/\/veracruzanadecine.com\/inicio\/wp-json\/wp\/v2\/comments?post=4053"}],"version-history":[{"count":3,"href":"https:\/\/veracruzanadecine.com\/inicio\/wp-json\/wp\/v2\/pages\/4053\/revisions"}],"predecessor-version":[{"id":4061,"href":"https:\/\/veracruzanadecine.com\/inicio\/wp-json\/wp\/v2\/pages\/4053\/revisions\/4061"}],"up":[{"embeddable":true,"href":"https:\/\/veracruzanadecine.com\/inicio\/wp-json\/wp\/v2\/pages\/26"}],"wp:attachment":[{"href":"https:\/\/veracruzanadecine.com\/inicio\/wp-json\/wp\/v2\/media?parent=4053"}],"curies":[{"name":"wp","href":"https:\/\/api.w.org\/{rel}","templated":true}]}}