{"id":4051,"date":"2019-08-05T01:45:27","date_gmt":"2019-08-05T01:45:27","guid":{"rendered":"http:\/\/veracruzanadecine.com\/inicio\/?page_id=4051"},"modified":"2019-08-05T02:16:28","modified_gmt":"2019-08-05T02:16:28","slug":"mision-y-vision","status":"publish","type":"page","link":"https:\/\/veracruzanadecine.com\/inicio\/la-escuela\/mision-y-vision\/","title":{"rendered":"Misi\u00f3n y Visi\u00f3n"},"content":{"rendered":"<p><strong>MISI\u00d3N:<\/strong><\/p>\n<p>&nbsp;<\/p>\n<p>Somos una instituci\u00f3n de ense\u00f1anza superior que ofrece la primera licenciatura en Cinematograf\u00eda, con reconocimiento oficial, en el sureste de la Rep\u00fablica Mexicana. Formamos profesionales en el \u00e1mbito cinematogr\u00e1fico capaces de crear y transmitir historias con una visi\u00f3n de transformaci\u00f3n social, con una propuesta educativa encaminada a desarrollar el talento art\u00edstico, respetando el rigor t\u00e9cnico, te\u00f3rico y pr\u00e1ctico que el cine actual requiere.<\/p>\n<p>&nbsp;<\/p>\n<p><strong>VISI\u00d3N:<\/strong><\/p>\n<p>&nbsp;<\/p>\n<p>Ser una comunidad educativa con reconocimiento a nivel nacional en el \u00e1mbito acad\u00e9mico, social y en la creaci\u00f3n de obras cinematogr\u00e1ficas y audiovisuales, mediante un lenguaje con habilidades narrativas que ayuden a cimentar un discurso propio.<\/p>\n<p>&nbsp;<\/p>\n<p>Mejorar constantemente nuestra profesionalizaci\u00f3n respondiendo, a las exigencias socioculturales del momento, poniendo en acci\u00f3n, de manera permanente, la teor\u00eda y pr\u00e1ctica de los planes de estudios bajo la asesor\u00eda de profesionales del cine.<\/p>\n<p>&nbsp;<\/p>\n<p><u>\u00a0<\/u><\/p>\n<p><u>\u00a0<\/u><\/p>\n","protected":false},"excerpt":{"rendered":"<p>MISI\u00d3N: &nbsp; Somos una instituci\u00f3n de ense\u00f1anza superior que ofrece la primera licenciatura en Cinematograf\u00eda, con reconocimiento oficial, en el sureste de la Rep\u00fablica Mexicana. Formamos profesionales en el \u00e1mbito cinematogr\u00e1fico capaces de crear y transmitir historias con una visi\u00f3n de transformaci\u00f3n social, con una propuesta educativa encaminada a desarrollar el talento art\u00edstico, respetando el rigor t\u00e9cnico, te\u00f3rico y pr\u00e1ctico [&hellip;]<\/p>\n","protected":false},"author":1,"featured_media":0,"parent":26,"menu_order":0,"comment_status":"closed","ping_status":"closed","template":"","meta":[],"_links":{"self":[{"href":"https:\/\/veracruzanadecine.com\/inicio\/wp-json\/wp\/v2\/pages\/4051"}],"collection":[{"href":"https:\/\/veracruzanadecine.com\/inicio\/wp-json\/wp\/v2\/pages"}],"about":[{"href":"https:\/\/veracruzanadecine.com\/inicio\/wp-json\/wp\/v2\/types\/page"}],"author":[{"embeddable":true,"href":"https:\/\/veracruzanadecine.com\/inicio\/wp-json\/wp\/v2\/users\/1"}],"replies":[{"embeddable":true,"href":"https:\/\/veracruzanadecine.com\/inicio\/wp-json\/wp\/v2\/comments?post=4051"}],"version-history":[{"count":1,"href":"https:\/\/veracruzanadecine.com\/inicio\/wp-json\/wp\/v2\/pages\/4051\/revisions"}],"predecessor-version":[{"id":4052,"href":"https:\/\/veracruzanadecine.com\/inicio\/wp-json\/wp\/v2\/pages\/4051\/revisions\/4052"}],"up":[{"embeddable":true,"href":"https:\/\/veracruzanadecine.com\/inicio\/wp-json\/wp\/v2\/pages\/26"}],"wp:attachment":[{"href":"https:\/\/veracruzanadecine.com\/inicio\/wp-json\/wp\/v2\/media?parent=4051"}],"curies":[{"name":"wp","href":"https:\/\/api.w.org\/{rel}","templated":true}]}}