{"id":3682,"date":"2020-03-03T14:48:43","date_gmt":"2020-03-03T14:48:43","guid":{"rendered":"http:\/\/veracruzanadecine.com\/inicio\/?page_id=3682"},"modified":"2021-01-21T17:20:19","modified_gmt":"2021-01-21T17:20:19","slug":"convocatoria-licenciatura-en-cinematografia-2","status":"publish","type":"page","link":"https:\/\/veracruzanadecine.com\/inicio\/convocatoria-licenciatura-en-cinematografia-2\/","title":{"rendered":"CONVOCATORIA LICENCIATURA EN CINEMATOGRAFIA"},"content":{"rendered":"[spb_column col_sm=\u00bb2&#8243; padding_horizontal=\u00bb0&#8243; width=\u00bb1\/6&#8243; el_position=\u00bbfirst\u00bb] [\/spb_column] [spb_column col_sm=\u00bb8&#8243; padding_horizontal=\u00bb0&#8243; width=\u00bb2\/3&#8243;] [spb_text_block animation=\u00bbnone\u00bb animation_delay=\u00bb0&#8243; simplified_controls=\u00bbyes\u00bb custom_css_percentage=\u00bbno\u00bb padding_vertical=\u00bb0&#8243; padding_horizontal=\u00bb0&#8243; margin_vertical=\u00bb0&#8243; custom_css=\u00bbmargin-top: 0px;margin-bottom: 0px;\u00bb border_size=\u00bb0&#8243; border_styling_global=\u00bbdefault\u00bb width=\u00bb1\/1&#8243; el_position=\u00bbfirst last\u00bb]\n<p><span style=\"color: #00c5c5;\">RVOE SEV ES 012\/2012<\/span><\/p>\n<p><strong>Ex\u00e1men de admisi\u00f3n:\u00a0s\u00e1bado <\/strong>13 de marzo de 2021<\/p>\n<p><strong>Inicio de clases: agosto de 2021<br \/>\nDuraci\u00f3n:<\/strong>\u00a04 a\u00f1os<br \/>\n<strong>Fecha l\u00edmite de inscripci\u00f3n al examen:<\/strong> 12 de marzo de 2021<br \/>\n<strong>Costo:<\/strong>\u00a0$1000.00<\/p>\n<p class=\"p1\"><span style=\"color: #00c5c5;\"><strong>El examen de admisi\u00f3n consta de 3 evaluaciones que se aplicar\u00e1n el mismo d\u00eda:<\/strong><\/span><\/p>\n[\/spb_text_block] [\/spb_column] [spb_column col_sm=\u00bb2&#8243; padding_horizontal=\u00bb0&#8243; width=\u00bb1\/6&#8243; el_position=\u00bblast\u00bb] [\/spb_column] [spb_row element_name=\u00bbRow\u00bb wrap_type=\u00bbcontent-width\u00bb row_bg_type=\u00bbcolor\u00bb row_bg_color=\u00bb#e6e7e8&#8243; bg_type=\u00bbcover\u00bb parallax_image_height=\u00bbcontent-height\u00bb parallax_image_movement=\u00bbfixed\u00bb parallax_image_speed=\u00bb0.5&#8243; bg_video_loop=\u00bbyes\u00bb parallax_video_height=\u00bbwindow-height\u00bb parallax_video_overlay=\u00bbnone\u00bb row_overlay_opacity=\u00bb0&#8243; remove_element_spacing=\u00bbno\u00bb row_col_pos=\u00bbdefault\u00bb width=\u00bb1\/1&#8243; el_position=\u00bbfirst last\u00bb] [spb_icon_box box_type=\u00bbstandard\u00bb box_icon_type=\u00bbicon\u00bb icon=\u00bbfas fa-file\u00bb animate_svg=\u00bbno\u00bb target=\u00bb_self\u00bb animation=\u00bbhelix\u00bb animation_delay=\u00bb0&#8243; icon_color=\u00bb#ffffff\u00bb animated_box_style=\u00bbcoloured\u00bb animated_box_rounded=\u00bbyes\u00bb width=\u00bb1\/3&#8243; el_position=\u00bbfirst\u00bb]\n<p>1. Examen<br \/>\nescrito<\/p>\n[\/spb_icon_box] [spb_icon_box box_type=\u00bbstandard\u00bb box_icon_type=\u00bbicon\u00bb icon=\u00bbss-chat\u00bb animate_svg=\u00bbno\u00bb target=\u00bb_self\u00bb animation=\u00bbhelix\u00bb animation_delay=\u00bb0&#8243; icon_color=\u00bb#ffffff\u00bb text_color=\u00bb#000000&#8243; animated_box_style=\u00bbcoloured\u00bb animated_box_rounded=\u00bbyes\u00bb width=\u00bb1\/3&#8243;]\n<p>2. Entrevista al finalizar el examen.<\/p>\n[\/spb_icon_box] [spb_icon_box box_type=\u00bbstandard\u00bb box_icon_type=\u00bbicon\u00bb icon=\u00bbfas fa-person-booth\u00bb animate_svg=\u00bbno\u00bb target=\u00bb_self\u00bb animation=\u00bbhelix\u00bb animation_delay=\u00bb0&#8243; icon_color=\u00bb#ffffff\u00bb text_color=\u00bb#000000&#8243; animated_box_style=\u00bbcoloured\u00bb animated_box_rounded=\u00bbyes\u00bb width=\u00bb1\/3&#8243; el_position=\u00bblast\u00bb]\n<p>3.- Segunda entrevista en d\u00edas posteriores (la<br \/>\nentrevista ser\u00e1 presencial para los postulantes<br \/>\nde Xalapa y v\u00eda telef\u00f3nica para los que radiquen<br \/>\nfuera de la Ciudad)<\/p>\n[\/spb_icon_box] [\/spb_row] [spb_column col_sm=\u00bb2&#8243; padding_horizontal=\u00bb0&#8243; width=\u00bb1\/6&#8243; el_position=\u00bbfirst\u00bb] [\/spb_column] [spb_column col_sm=\u00bb8&#8243; padding_horizontal=\u00bb0&#8243; width=\u00bb2\/3&#8243;] [spb_text_block animation=\u00bbnone\u00bb animation_delay=\u00bb0&#8243; simplified_controls=\u00bbyes\u00bb custom_css_percentage=\u00bbno\u00bb padding_vertical=\u00bb0&#8243; padding_horizontal=\u00bb0&#8243; margin_vertical=\u00bb0&#8243; custom_css=\u00bbmargin-top: 0px;margin-bottom: 0px;\u00bb border_size=\u00bb0&#8243; border_styling_global=\u00bbdefault\u00bb width=\u00bb1\/1&#8243; el_position=\u00bbfirst last\u00bb]\n<p>&nbsp;<\/p>\n<p class=\"p1\"><strong>Para tener derecho al examen de admisi\u00f3n de la Licenciatura en Cinematograf\u00eda\u00a0deber\u00e1s:<\/strong><\/p>\n[\/spb_text_block] [spb_icon_box box_type=\u00bbleft-icon-alt\u00bb icon=\u00bbfa-money\u00bb animate_svg=\u00bbno\u00bb target=\u00bb_self\u00bb animation=\u00bbnone\u00bb animation_delay=\u00bb0&#8243; icon_color=\u00bb#00c5c5&#8243; bg_color=\u00bb#f0f1f2&#8243; animated_box_style=\u00bbcoloured\u00bb animated_box_rounded=\u00bbyes\u00bb width=\u00bb1\/1&#8243; el_position=\u00bbfirst last\u00bb]\n<p>Hacer tu pago por 1,000.00 pesos haciendo<br \/>\nun dep\u00f3sito en BANAMEX a nombre Escuela<br \/>\nVeracruzana de Cine Luis Bu\u00f1uel SC, No.<br \/>\nde cuenta: 1670420, Sucursal 7010, Clabe<br \/>\ninterbancaria: 002180701016704203.<\/p>\n[\/spb_icon_box] [spb_blank_spacer height=\u00bb10px\u00bb width=\u00bb1\/1&#8243; el_position=\u00bbfirst last\u00bb] [spb_icon_box box_type=\u00bbleft-icon-alt\u00bb icon=\u00bbfa-envelope-o\u00bb animate_svg=\u00bbno\u00bb target=\u00bb_self\u00bb animation=\u00bbnone\u00bb animation_delay=\u00bb0&#8243; icon_color=\u00bb#00c5c5&#8243; bg_color=\u00bb#f0f1f2&#8243; animated_box_style=\u00bbcoloured\u00bb animated_box_rounded=\u00bbyes\u00bb width=\u00bb1\/1&#8243; el_position=\u00bbfirst last\u00bb]\n<p>Enviarnos un correo con el comprobante de pago a\u00a0<a href=\"mailto:contacto@veracruzanadecine.com\">contacto@veracruzanadecine.com<\/a>\u00a0con el asunto\u00a0<strong>\u201cExamen de Licenciatura en Cinematograf\u00eda\u201d.<br \/>\n<\/strong>En el cuerpo del correo deber\u00e1s anotar tu nombre completo y n\u00famero telef\u00f3nico.<\/p>\n<p>En el cuerpo del correo deber\u00e1s anotar tu nombre completo, n\u00famero telef\u00f3nico, nombre de padre\/tutor y n\u00famero telef\u00f3nico de padre\/tutor.<\/p>\n[\/spb_icon_box] [spb_blank_spacer height=\u00bb10px\u00bb width=\u00bb1\/1&#8243; el_position=\u00bbfirst last\u00bb] [spb_icon_box box_type=\u00bbleft-icon-alt\u00bb icon=\u00bbfa-file-text-o\u00bb animate_svg=\u00bbno\u00bb target=\u00bb_self\u00bb animation=\u00bbnone\u00bb animation_delay=\u00bb0&#8243; icon_color=\u00bb#00c5c5&#8243; bg_color=\u00bb#f0f1f2&#8243; animated_box_style=\u00bbcoloured\u00bb animated_box_rounded=\u00bbyes\u00bb width=\u00bb1\/1&#8243; el_position=\u00bbfirst last\u00bb]\n<p>Adjuntar en el correo una carta en la que expongas los motivos por los que deseas ingresar a estudiar cinematograf\u00eda con nosotros.<\/p>\n[\/spb_icon_box] [spb_blank_spacer height=\u00bb10px\u00bb width=\u00bb1\/1&#8243; el_position=\u00bbfirst last\u00bb] [spb_icon_box box_type=\u00bbleft-icon-alt\u00bb box_icon_type=\u00bbicon\u00bb icon=\u00bbfa-newspaper-o\u00bb animate_svg=\u00bbno\u00bb target=\u00bb_self\u00bb animation=\u00bbnone\u00bb animation_delay=\u00bb0&#8243; icon_color=\u00bb#00c5c5&#8243; bg_color=\u00bb#f0f1f2&#8243; animated_box_style=\u00bbcoloured\u00bb animated_box_rounded=\u00bbyes\u00bb width=\u00bb1\/1&#8243; el_position=\u00bbfirst last\u00bb]\n<p><strong>El d\u00eda del examen deber\u00e1s tener a la mano una identificaci\u00f3n oficial con fotograf\u00eda (en caso de ser menor de edad y no contar con el documento, puedes presentar una credencial escolar y copia de identificaci\u00f3n oficial de padre y\/o tutor.)<\/strong><\/p>\n<p>&nbsp;<\/p>\n[\/spb_icon_box] [spb_blank_spacer height=\u00bb10px\u00bb width=\u00bb1\/1&#8243; el_position=\u00bbfirst last\u00bb] [spb_icon_box box_type=\u00bbleft-icon-alt\u00bb box_icon_type=\u00bbicon\u00bb icon=\u00bbfa-camera\u00bb animate_svg=\u00bbno\u00bb target=\u00bb_self\u00bb animation=\u00bbnone\u00bb animation_delay=\u00bb0&#8243; icon_color=\u00bb#00c5c5&#8243; bg_color=\u00bb#f0f1f2&#8243; animated_box_style=\u00bbcoloured\u00bb animated_box_rounded=\u00bbyes\u00bb width=\u00bb1\/1&#8243; el_position=\u00bbfirst last\u00bb]\n<p>Tener a la mano un dispositivo para captura de fotos y descarga de las mismas. Recomendaci\u00f3n: C\u00e1mara reflex con memoria SD o celular con cable usb.<\/p>\n<p>&nbsp;<\/p>\n[\/spb_icon_box] [spb_text_block animation=\u00bbnone\u00bb animation_delay=\u00bb0&#8243; simplified_controls=\u00bbyes\u00bb custom_css_percentage=\u00bbno\u00bb padding_vertical=\u00bb3&#8243; padding_horizontal=\u00bb0&#8243; margin_vertical=\u00bb0&#8243; custom_css=\u00bbmargin-top: 0px;margin-bottom: 0px;padding-top: 3px;padding-bottom: 3px;\u00bb border_size=\u00bb0&#8243; border_styling_global=\u00bbdefault\u00bb width=\u00bb1\/1&#8243; el_position=\u00bbfirst last\u00bb]\n<p>Por parte de la escuela recibir\u00e1s un correo con un temario de estudios que te servir\u00e1 para realizar tu examen escrito.<br \/>\nEn el caso de que apruebes tu examen de admisi\u00f3n, recibir\u00e1s una carta de aceptaci\u00f3n.<\/p>\n<p><strong>La Licenciatura tiene una duraci\u00f3n de 8 semestres<\/strong>.<\/p>\n<p><strong><span style=\"color: #00c5c5;\">Costos<\/span>:<\/strong> Colegiatura mensual: $5,600.00 pesos | Inscripci\u00f3n<br \/>\nsemestral: $3,150.00 pesos<\/p>\n<h4><\/h4>\n[\/spb_text_block] [spb_text_block animation=\u00bbnone\u00bb animation_delay=\u00bb0&#8243; simplified_controls=\u00bbyes\u00bb custom_css_percentage=\u00bbno\u00bb padding_vertical=\u00bb3&#8243; padding_horizontal=\u00bb0&#8243; margin_vertical=\u00bb0&#8243; custom_css=\u00bbmargin-top: 0px;margin-bottom: 0px;padding-top: 3px;padding-bottom: 3px;\u00bb border_size=\u00bb0&#8243; border_styling_global=\u00bbdefault\u00bb width=\u00bb1\/1&#8243; el_position=\u00bbfirst last\u00bb]\n<p>&nbsp;<\/p>\n<p>&nbsp;<\/p>\n<a class=\"sf-button standard grey sf-icon-reveal  sf-button-has-icon\" href=\"https:\/\/veracruzanadecine.com\/inicio\/wp-content\/uploads\/2020\/07\/folleto_convocatoria.pdf\" target=\"_blank\" rel=\"\"><i class=\"ss-download\"><\/i><span class=\"text\">DESCARGA CONVOCATORIA PDF<\/span><\/a>\n<p><span style=\"color: #00c5c5;\"><strong>Informes:<\/strong><\/span> <a href=\"mailto:contacto@veracruzanadecine.com\" target=\"_blank\" rel=\"noopener\">contacto@veracruzanadecine.com<\/a><br \/>\n<span style=\"color: #00c5c5;\"><strong>Tel\u00e9fono:<\/strong><\/span>\u00a0\u00a052 (228) 818 6862<\/p>\n[\/spb_text_block] [\/spb_column] [spb_column col_sm=\u00bb2&#8243; padding_horizontal=\u00bb0&#8243; width=\u00bb1\/6&#8243; el_position=\u00bblast\u00bb] [\/spb_column]\n","protected":false},"excerpt":{"rendered":"<p>[spb_column col_sm=\u00bb2&#8243; padding_horizontal=\u00bb0&#8243; width=\u00bb1\/6&#8243; el_position=\u00bbfirst\u00bb] [\/spb_column] [spb_column col_sm=\u00bb8&#8243; padding_horizontal=\u00bb0&#8243; width=\u00bb2\/3&#8243;] [spb_text_block animation=\u00bbnone\u00bb animation_delay=\u00bb0&#8243; simplified_controls=\u00bbyes\u00bb custom_css_percentage=\u00bbno\u00bb padding_vertical=\u00bb0&#8243; padding_horizontal=\u00bb0&#8243; margin_vertical=\u00bb0&#8243; custom_css=\u00bbmargin-top: 0px;margin-bottom: 0px;\u00bb border_size=\u00bb0&#8243; border_styling_global=\u00bbdefault\u00bb width=\u00bb1\/1&#8243; el_position=\u00bbfirst last\u00bb] RVOE SEV ES 012\/2012 Ex\u00e1men de admisi\u00f3n:\u00a0s\u00e1bado 13 de marzo de 2021 Inicio de clases: agosto de 2021 Duraci\u00f3n:\u00a04 a\u00f1os Fecha l\u00edmite de inscripci\u00f3n al examen: 12 de marzo de 2021 Costo:\u00a0$1000.00 El examen [&hellip;]<\/p>\n","protected":false},"author":1,"featured_media":0,"parent":0,"menu_order":0,"comment_status":"closed","ping_status":"closed","template":"","meta":[],"_links":{"self":[{"href":"https:\/\/veracruzanadecine.com\/inicio\/wp-json\/wp\/v2\/pages\/3682"}],"collection":[{"href":"https:\/\/veracruzanadecine.com\/inicio\/wp-json\/wp\/v2\/pages"}],"about":[{"href":"https:\/\/veracruzanadecine.com\/inicio\/wp-json\/wp\/v2\/types\/page"}],"author":[{"embeddable":true,"href":"https:\/\/veracruzanadecine.com\/inicio\/wp-json\/wp\/v2\/users\/1"}],"replies":[{"embeddable":true,"href":"https:\/\/veracruzanadecine.com\/inicio\/wp-json\/wp\/v2\/comments?post=3682"}],"version-history":[{"count":26,"href":"https:\/\/veracruzanadecine.com\/inicio\/wp-json\/wp\/v2\/pages\/3682\/revisions"}],"predecessor-version":[{"id":5008,"href":"https:\/\/veracruzanadecine.com\/inicio\/wp-json\/wp\/v2\/pages\/3682\/revisions\/5008"}],"wp:attachment":[{"href":"https:\/\/veracruzanadecine.com\/inicio\/wp-json\/wp\/v2\/media?parent=3682"}],"curies":[{"name":"wp","href":"https:\/\/api.w.org\/{rel}","templated":true}]}}