{"id":3544,"date":"2018-12-03T18:51:26","date_gmt":"2018-12-03T18:51:26","guid":{"rendered":"http:\/\/veracruzanadecine.com\/inicio\/?page_id=3544"},"modified":"2018-12-03T19:48:02","modified_gmt":"2018-12-03T19:48:02","slug":"aviso-de-privacidad","status":"publish","type":"page","link":"https:\/\/veracruzanadecine.com\/inicio\/aviso-de-privacidad\/","title":{"rendered":"Aviso de privacidad"},"content":{"rendered":"<p><strong>Aviso de Privacidad<\/strong><\/p>\n<p>&nbsp;<\/p>\n<p>En cumplimiento a la Ley Federal de Protecci\u00f3n de Datos Personales en Posesi\u00f3n de los Particulares y de su Reglamento (en adelante la Ley) y con el fin de asegurar la protecci\u00f3n y privacidad de los datos personales, as\u00ed como regular los derechos de acceso, rectificaci\u00f3n, cancelaci\u00f3n y oposici\u00f3n del tratamiento de los mismos, Escuela Veracruzana de Cine Luis Bu\u00f1uel le comunica el presente Aviso.<\/p>\n<p><strong>Responsable<\/strong><\/p>\n<p>&nbsp;<\/p>\n<p>Escuela Veracruzana de Cine Luis Bu\u00f1uel, S.C. (en adelante el Responsable), ubicada en Calle Belisario Dominguez N\u00ba 31 Esquina El Dique, Col. Centro, Xalapa, Veracruz, C.P. 91000, es responsable de proteger la confidencialidad de los datos personales, datos personales sensibles y datos personales financieros o patrimoniales de sus alumnos, aspirantes a alumnos, exalumnos, egresados, candidatos a empleados y empleados, as\u00ed como de garantizar su privacidad y su derecho a la autodeterminaci\u00f3n informativa.<\/p>\n<p><strong>Pol\u00edtica de privacidad<\/strong><\/p>\n<p>Este Aviso tiene como fin asegurar la privacidad de los datos proporcionados por nuestros alumnos, aspirantes a alumnos, exalumnos, egresados, empleados y proveedores de servicios, con el fin de vincularse con los servicios acad\u00e9micos proporcionados por el Responsable. Al proporcionar sus datos personales, el titular est\u00e1 de acuerdo en su tratamiento; conforme este t\u00e9rmino se entiende en la fracci\u00f3n XVIII del art\u00edculo 3 de la Ley. En caso de no estar de acuerdo, el titular no deber\u00e1 proporcionar dato alguno.<\/p>\n<p><strong>Finalidades<\/strong><\/p>\n<p>El Responsable puede recabar datos personales, datos personales sensibles y datos personales financieros o patrimoniales, con algunas de las siguientes finalidades: Prestaci\u00f3n de servicios educativos; integraci\u00f3n del expediente acad\u00e9mico; integraci\u00f3n del expediente administrativo; informaci\u00f3n de contacto para enviar comunicados; analizar solicitudes de becas; decidir sobre descuentos o recargos; evaluar calidad en el servicio, realizar estad\u00edsticas sobre los servicios educativos y actividades deportivas y culturales; cumplir con requerimientos de la Secretar\u00eda de Educaci\u00f3n del Estado de Veracruz y dem\u00e1s autoridades gubernamentales y, en general, para fines de seguridad, mercadot\u00e9cnicos, publicitarios o de prospecci\u00f3n comercial.<\/p>\n<p><strong>Datos personales<\/strong><\/p>\n<p>Pueden ser objeto de tratamiento los siguientes datos personales, datos personales sensibles y datos personales financieros o patrimoniales, que se presentan en forma enunciativa, no limitativa:<\/p>\n<ol>\n<li>Datos de identificaci\u00f3n: Nombre completo, edad, fecha y lugar de nacimiento, g\u00e9nero, estado civil, domicilio, nacionalidad, correo electr\u00f3nico, tel\u00e9fonos de contacto, Clave \u00danica del Registro de Poblaci\u00f3n, N\u00famero de Seguridad Social, clave del Registro Federal de Contribuyentes, firma, religi\u00f3n, huella digital, ADN, nombres de los Padres y hermanos.<\/li>\n<li>Datos acad\u00e9micos: Nombre y domicilio de escuela de procedencia, trayectoria educativa, calificaciones y certificados emitidos por otras instituciones, idiomas, t\u00edtulo profesional, n\u00famero de c\u00e9dula profesional, certificados de estudios, antecedentes escolares.<\/li>\n<li>Datos de salud: Estado de salud, historial cl\u00ednico, enfermedades, restricciones alimenticias, alergias, grupo sangu\u00edneo, donador de \u00f3rganos, cuestiones de car\u00e1cter psicol\u00f3gico y psiqui\u00e1trico, datos de su doctor, tratamientos m\u00e9dicos o psicol\u00f3gicos que recibe, datos de contactos para caso de emergencia.<\/li>\n<li>Datos sobre los padres o tutores: Nombre completo del padre y la madre o tutor y tutora del alumno, nombre completo, edad y escolaridad de todos sus hijos, domicilio completo de la familia o de cada uno de los padres si est\u00e1n separados, as\u00ed como sus tel\u00e9fonos y correos electr\u00f3nicos, datos completos del domicilio del trabajo, empleo o negocio del padre y\/o de la madre incluyendo tel\u00e9fonos y correos, ocupaci\u00f3n, puesto que desempe\u00f1a, grado de estudios, estado civil, horarios del trabajo, etc. RFC, CURP y domicilio fiscal para la facturaci\u00f3n electr\u00f3nica.<\/li>\n<li>Datos financieros o patrimoniales: Bienes muebles e inmuebles, ingresos y egresos personales, ingresos y egresos de los padres, cuentas bancarias, referencias personales, informaci\u00f3n fiscal. Reporte de buro de cr\u00e9dito, declaraciones de impuestos, recibos de n\u00f3mina y en general datos sobre la situaci\u00f3n econ\u00f3mica de la familia.<\/li>\n<li>Datos sensibles: Aficiones, deportes, creencias religiosas, afiliaci\u00f3n pol\u00edtica, afiliaci\u00f3n sindical, asociaciones religiosas o pol\u00edticas a las que ha pertenecido, actividades extracurriculares. Datos sobre el comportamiento del alumno, candidatos a empleados y empleados, en lo social, familiar, emotivo, salud, deportivo, etc. Datos solicitados en entrevistas de admisi\u00f3n y\/o de seguimiento que permitan evaluar al alumno, candidatos a empleados y empleados y su familia o entorno familiar.<\/li>\n<li>Caracter\u00edsticas f\u00edsicas: Foto, color de piel, de iris y de pelo, huella digital, tatuajes, cicatrices o se\u00f1as particulares.<\/li>\n<\/ol>\n<p>En caso de no contar con algunos de los datos citados, podr\u00eda existir la posibilidad de que el Responsable no pueda proporcionar los servicios propios de la relaci\u00f3n jur\u00eddica que se establezca con el Titular.<\/p>\n<p>Asimismo, se informa que para cumplir con las finalidades previstas en el presente Aviso, ser\u00e1n recabados y tratados datos personales sensibles descritos en los incisos anteriores. Es por esto que el Responsable se compromete a que los mismos sean tratados bajo estrictas medidas de seguridad, garantizando su confidencialidad.<\/p>\n<p>El Responsable observa los principios de confidencialidad, licitud, consentimiento, informaci\u00f3n, calidad, finalidad, lealtad, proporcionalidad y responsabilidad en la protecci\u00f3n de datos personales.<\/p>\n<p><strong>Cambios a este Aviso<\/strong><\/p>\n<p>El Responsable se reserva el derecho de efectuar en cualquier momento modificaciones o actualizaciones al presente aviso de privacidad, para la atenci\u00f3n de novedades legislativas o jurisprudenciales, pol\u00edticas internas, nuevos requerimientos para la prestaci\u00f3n u ofrecimiento de los servicios que ofrece el Responsable.<\/p>\n<p>Estas modificaciones estar\u00e1n disponibles a trav\u00e9s de la p\u00e1gina de Internet:\u00a0<strong>www.veracruzanadecine.com<\/strong><\/p>\n<p><strong>Consentimiento general<\/strong><br \/>\nHabi\u00e9ndose puesto a disposici\u00f3n del Titular este Aviso de Privacidad y sus modificaciones, ya sea personalmente o a trav\u00e9s de la p\u00e1gina de internet o de otros medios, y no habiendo manifestado inmediatamente oposici\u00f3n alguna, se entender\u00e1 que el titular ha consentido t\u00e1citamente el tratamiento de sus datos.<\/p>\n<p>Si el titular proporcion\u00f3 sus datos verbalmente, por escrito, por medios electr\u00f3nicos, \u00f3pticos o por cualquier otra tecnolog\u00eda, o por signos inequ\u00edvocos, se entender\u00e1 que ha dado su consentimiento expreso del uso de dicha informaci\u00f3n.<\/p>\n<p>Acepto de conformidad el contenido del Aviso de Privacidad que me da Escuela Veracruzana de Cine Luis Bu\u00f1uel, S.C.<\/p>\n","protected":false},"excerpt":{"rendered":"<p>Aviso de Privacidad &nbsp; En cumplimiento a la Ley Federal de Protecci\u00f3n de Datos Personales en Posesi\u00f3n de los Particulares y de su Reglamento (en adelante la Ley) y con el fin de asegurar la protecci\u00f3n y privacidad de los datos personales, as\u00ed como regular los derechos de acceso, rectificaci\u00f3n, cancelaci\u00f3n y oposici\u00f3n del tratamiento de los mismos, Escuela Veracruzana [&hellip;]<\/p>\n","protected":false},"author":1,"featured_media":0,"parent":0,"menu_order":0,"comment_status":"closed","ping_status":"closed","template":"","meta":[],"_links":{"self":[{"href":"https:\/\/veracruzanadecine.com\/inicio\/wp-json\/wp\/v2\/pages\/3544"}],"collection":[{"href":"https:\/\/veracruzanadecine.com\/inicio\/wp-json\/wp\/v2\/pages"}],"about":[{"href":"https:\/\/veracruzanadecine.com\/inicio\/wp-json\/wp\/v2\/types\/page"}],"author":[{"embeddable":true,"href":"https:\/\/veracruzanadecine.com\/inicio\/wp-json\/wp\/v2\/users\/1"}],"replies":[{"embeddable":true,"href":"https:\/\/veracruzanadecine.com\/inicio\/wp-json\/wp\/v2\/comments?post=3544"}],"version-history":[{"count":3,"href":"https:\/\/veracruzanadecine.com\/inicio\/wp-json\/wp\/v2\/pages\/3544\/revisions"}],"predecessor-version":[{"id":3554,"href":"https:\/\/veracruzanadecine.com\/inicio\/wp-json\/wp\/v2\/pages\/3544\/revisions\/3554"}],"wp:attachment":[{"href":"https:\/\/veracruzanadecine.com\/inicio\/wp-json\/wp\/v2\/media?parent=3544"}],"curies":[{"name":"wp","href":"https:\/\/api.w.org\/{rel}","templated":true}]}}