{"id":26,"date":"2015-11-05T23:48:48","date_gmt":"2015-11-05T23:48:48","guid":{"rendered":"http:\/\/veracruzanadecine.com\/inicio\/?page_id=26"},"modified":"2021-07-27T06:21:10","modified_gmt":"2021-07-27T06:21:10","slug":"la-escuela","status":"publish","type":"page","link":"https:\/\/veracruzanadecine.com\/inicio\/la-escuela\/","title":{"rendered":"LA ESCUELA"},"content":{"rendered":"[spb_column col_sm=\u00bb2&#8243; padding_horizontal=\u00bb0&#8243; width=\u00bb1\/6&#8243; el_position=\u00bbfirst\u00bb] [\/spb_column] [spb_column col_sm=\u00bb8&#8243; padding_horizontal=\u00bb0&#8243; width=\u00bb2\/3&#8243;] [spb_text_block animation=\u00bbnone\u00bb animation_delay=\u00bb0&#8243; simplified_controls=\u00bbyes\u00bb custom_css_percentage=\u00bbno\u00bb padding_vertical=\u00bb0&#8243; padding_horizontal=\u00bb0&#8243; margin_vertical=\u00bb0&#8243; border_size=\u00bb0&#8243; border_styling_global=\u00bbdefault\u00bb width=\u00bb1\/1&#8243; el_position=\u00bbfirst last\u00bb]\n<p>Fundada en el 2008 por el cineasta Marcel Sisniega, la\u00a0<span style=\"color: #00c5c5;\"><strong>Escuela Veracruzana de Cine Luis Bu\u00f1uel<\/strong><\/span>\u00a0nace con la misi\u00f3n de brindar una formaci\u00f3n cinematogr\u00e1fica de primer orden en una importante zona del pa\u00eds con una oferta escasa en esta \u00e1rea.<\/p>\n<p>La\u00a0<span style=\"color: #00c5c5;\"><strong>Escuela Veracruzana de Cine Luis Bu\u00f1uel<\/strong><\/span>\u00a0cuenta con una ubicaci\u00f3n privilegiada en el centro hist\u00f3rico de Xalapa, la capital de Veracruz. La ciudad de Xalapa alberga a la universidad p\u00fablica m\u00e1s importante del estado (la Universidad Veracruzana), as\u00ed como a una gran cantidad de estudiantes nacionales y extranjeros, y se caracteriza por una intensa actividad cultural y un ambiente universitario.<\/p>\n<p>Nuestra Escuela ofrece una Licenciatura en Cinematograf\u00eda\u00a0<span style=\"color: #00c5c5;\"><strong>RVOE SEV\u00a0ES\/012\/2012<\/strong><\/span>.<\/p>\n<p>&nbsp;<\/p>\n[\/spb_text_block] [\/spb_column] [spb_column col_sm=\u00bb2&#8243; padding_horizontal=\u00bb0&#8243; width=\u00bb1\/6&#8243; el_position=\u00bblast\u00bb] [\/spb_column] [spb_row element_name=\u00bbRow\u00bb wrap_type=\u00bbcontent-width\u00bb row_bg_type=\u00bbcolor\u00bb row_bg_color=\u00bb#00c5c5&#8243; bg_type=\u00bbcover\u00bb parallax_image_height=\u00bbcontent-height\u00bb parallax_image_movement=\u00bbfixed\u00bb parallax_image_speed=\u00bb0.5&#8243; bg_video_loop=\u00bbyes\u00bb parallax_video_height=\u00bbwindow-height\u00bb parallax_video_overlay=\u00bbnone\u00bb row_overlay_opacity=\u00bb0&#8243; remove_element_spacing=\u00bbyes\u00bb row_col_pos=\u00bbdefault\u00bb width=\u00bb1\/1&#8243; el_position=\u00bbfirst last\u00bb] [spb_blank_spacer height=\u00bb80px\u00bb width=\u00bb1\/1&#8243; el_position=\u00bbfirst last\u00bb] [\/spb_row] [spb_column col_sm=\u00bb2&#8243; padding_horizontal=\u00bb0&#8243; width=\u00bb1\/6&#8243; el_position=\u00bbfirst\u00bb] [\/spb_column] [spb_column col_sm=\u00bb2&#8243; padding_horizontal=\u00bb0&#8243; width=\u00bb1\/6&#8243;] [spb_boxed_content type=\u00bbcoloured\u00bb custom_bg_colour=\u00bb#ffffff\u00bb custom_text_colour=\u00bb#00c5c5&#8243; box_link_target=\u00bb_self\u00bb padding_vertical=\u00bb0&#8243; padding_horizontal=\u00bb0&#8243; width=\u00bb1\/1&#8243; el_position=\u00bbfirst last\u00bb]\n<p>&nbsp;<\/p>\n<h2><strong><span style=\"color: #00c5c5;\">Instalaciones<\/span><\/strong><\/h2>\n[\/spb_boxed_content] [\/spb_column] [spb_column col_sm=\u00bb6&#8243; padding_horizontal=\u00bb0&#8243; width=\u00bb1\/2&#8243;] [spb_text_block animation=\u00bbnone\u00bb animation_delay=\u00bb0&#8243; simplified_controls=\u00bbyes\u00bb custom_css_percentage=\u00bbno\u00bb padding_vertical=\u00bb5&#8243; padding_horizontal=\u00bb0&#8243; margin_vertical=\u00bb0&#8243; border_size=\u00bb0&#8243; border_styling_global=\u00bbdefault\u00bb width=\u00bb1\/1&#8243; el_position=\u00bbfirst last\u00bb]\n<p><span style=\"color: #00c5c5;\"><em><strong>La Bu\u00f1uel<\/strong><\/em><\/span>, como suelen llamar a la escuela nuestros alumnos, se encuentra en una espaciosa casa colonial. Este edificio dice mucho de quienes somos: una instituci\u00f3n peque\u00f1a enfocada a la educaci\u00f3n artesanal, uno a uno. Sabemos que nuestros estudiantes requieren una atenci\u00f3n personalizada en un ambiente tranquilo y humano que promueve la comunicaci\u00f3n.<\/p>\n[\/spb_text_block] [\/spb_column] [spb_column col_sm=\u00bb2&#8243; padding_horizontal=\u00bb0&#8243; width=\u00bb1\/6&#8243; el_position=\u00bblast\u00bb] [\/spb_column] [spb_column col_sm=\u00bb2&#8243; padding_horizontal=\u00bb0&#8243; width=\u00bb1\/6&#8243; el_position=\u00bbfirst\u00bb] [\/spb_column] [spb_column col_sm=\u00bb8&#8243; padding_horizontal=\u00bb0&#8243; width=\u00bb2\/3&#8243;] [\/spb_column] [spb_column col_sm=\u00bb2&#8243; padding_horizontal=\u00bb0&#8243; width=\u00bb1\/6&#8243; el_position=\u00bblast\u00bb] [\/spb_column] [spb_gallery gallery_id=\u00bb955&#8243; display_type=\u00bbmasonry\u00bb columns=\u00bb4&#8243; fullwidth=\u00bbyes\u00bb gutters=\u00bbno\u00bb image_size=\u00bbfull\u00bb slider_transition=\u00bbfade\u00bb show_thumbs=\u00bbyes\u00bb autoplay=\u00bbno\u00bb show_captions=\u00bbno\u00bb enable_lightbox=\u00bbyes\u00bb width=\u00bb1\/1&#8243; el_position=\u00bbfirst last\u00bb]\n","protected":false},"excerpt":{"rendered":"<p>[spb_column col_sm=\u00bb2&#8243; padding_horizontal=\u00bb0&#8243; width=\u00bb1\/6&#8243; el_position=\u00bbfirst\u00bb] [\/spb_column] [spb_column col_sm=\u00bb8&#8243; padding_horizontal=\u00bb0&#8243; width=\u00bb2\/3&#8243;] [spb_text_block animation=\u00bbnone\u00bb animation_delay=\u00bb0&#8243; simplified_controls=\u00bbyes\u00bb custom_css_percentage=\u00bbno\u00bb padding_vertical=\u00bb0&#8243; padding_horizontal=\u00bb0&#8243; margin_vertical=\u00bb0&#8243; border_size=\u00bb0&#8243; border_styling_global=\u00bbdefault\u00bb width=\u00bb1\/1&#8243; el_position=\u00bbfirst last\u00bb] Fundada en el 2008 por el cineasta Marcel Sisniega, la\u00a0Escuela Veracruzana de Cine Luis Bu\u00f1uel\u00a0nace con la misi\u00f3n de brindar una formaci\u00f3n cinematogr\u00e1fica de primer orden en una importante zona del pa\u00eds con una oferta escasa en [&hellip;]<\/p>\n","protected":false},"author":1,"featured_media":1437,"parent":0,"menu_order":0,"comment_status":"closed","ping_status":"closed","template":"","meta":[],"_links":{"self":[{"href":"https:\/\/veracruzanadecine.com\/inicio\/wp-json\/wp\/v2\/pages\/26"}],"collection":[{"href":"https:\/\/veracruzanadecine.com\/inicio\/wp-json\/wp\/v2\/pages"}],"about":[{"href":"https:\/\/veracruzanadecine.com\/inicio\/wp-json\/wp\/v2\/types\/page"}],"author":[{"embeddable":true,"href":"https:\/\/veracruzanadecine.com\/inicio\/wp-json\/wp\/v2\/users\/1"}],"replies":[{"embeddable":true,"href":"https:\/\/veracruzanadecine.com\/inicio\/wp-json\/wp\/v2\/comments?post=26"}],"version-history":[{"count":180,"href":"https:\/\/veracruzanadecine.com\/inicio\/wp-json\/wp\/v2\/pages\/26\/revisions"}],"predecessor-version":[{"id":5598,"href":"https:\/\/veracruzanadecine.com\/inicio\/wp-json\/wp\/v2\/pages\/26\/revisions\/5598"}],"wp:featuredmedia":[{"embeddable":true,"href":"https:\/\/veracruzanadecine.com\/inicio\/wp-json\/wp\/v2\/media\/1437"}],"wp:attachment":[{"href":"https:\/\/veracruzanadecine.com\/inicio\/wp-json\/wp\/v2\/media?parent=26"}],"curies":[{"name":"wp","href":"https:\/\/api.w.org\/{rel}","templated":true}]}}