{"id":17,"date":"2015-11-05T23:46:36","date_gmt":"2015-11-05T23:46:36","guid":{"rendered":"http:\/\/veracruzanadecine.com\/inicio\/?page_id=17"},"modified":"2021-10-07T00:44:38","modified_gmt":"2021-10-07T00:44:38","slug":"contacto","status":"publish","type":"page","link":"https:\/\/veracruzanadecine.com\/inicio\/contacto\/","title":{"rendered":"CONTACTO"},"content":{"rendered":"[spb_column col_sm=\u00bb3&#8243; padding_horizontal=\u00bb0&#8243; width=\u00bb1\/4&#8243; el_position=\u00bbfirst\u00bb] [\/spb_column] [spb_column col_sm=\u00bb6&#8243; padding_horizontal=\u00bb0&#8243; width=\u00bb1\/2&#8243;] [spb_text_block animation=\u00bbpop-up\u00bb animation_delay=\u00bb0&#8243; simplified_controls=\u00bbyes\u00bb custom_css_percentage=\u00bbno\u00bb padding_vertical=\u00bb0&#8243; padding_horizontal=\u00bb0&#8243; margin_vertical=\u00bb0&#8243; custom_css=\u00bbmargin-top: 0px;margin-bottom: 0px;\u00bb border_size=\u00bb0&#8243; border_styling_global=\u00bbdefault\u00bb width=\u00bb1\/1&#8243; el_position=\u00bbfirst last\u00bb]\n<div role=\"form\" class=\"wpcf7\" id=\"wpcf7-f4-o1\" lang=\"es-ES\" dir=\"ltr\">\n<div class=\"screen-reader-response\"><p role=\"status\" aria-live=\"polite\" aria-atomic=\"true\"><\/p> <ul><\/ul><\/div>\n<form action=\"\/inicio\/wp-json\/wp\/v2\/pages\/17#wpcf7-f4-o1\" method=\"post\" class=\"wpcf7-form init\" novalidate=\"novalidate\" data-status=\"init\">\n<div style=\"display: none;\">\n<input type=\"hidden\" name=\"_wpcf7\" value=\"4\" \/>\n<input type=\"hidden\" name=\"_wpcf7_version\" value=\"5.4.2\" \/>\n<input type=\"hidden\" name=\"_wpcf7_locale\" value=\"es_ES\" \/>\n<input type=\"hidden\" name=\"_wpcf7_unit_tag\" value=\"wpcf7-f4-o1\" \/>\n<input type=\"hidden\" name=\"_wpcf7_container_post\" value=\"0\" \/>\n<input type=\"hidden\" name=\"_wpcf7_posted_data_hash\" value=\"\" \/>\n<input type=\"hidden\" name=\"_wpcf7_recaptcha_response\" value=\"\" \/>\n<\/div>\n<p>Nombre (requerido)<br \/>\n    <span class=\"wpcf7-form-control-wrap your-name\"><input type=\"text\" name=\"your-name\" value=\"\" size=\"40\" class=\"wpcf7-form-control wpcf7-text wpcf7-validates-as-required\" aria-required=\"true\" aria-invalid=\"false\" \/><\/span> <\/p>\n<p>Correo electr\u00f3nico (requerido)<br \/>\n    <span class=\"wpcf7-form-control-wrap your-email\"><input type=\"email\" name=\"your-email\" value=\"\" size=\"40\" class=\"wpcf7-form-control wpcf7-text wpcf7-email wpcf7-validates-as-required wpcf7-validates-as-email\" aria-required=\"true\" aria-invalid=\"false\" \/><\/span> <\/p>\n<p>Asunto<br \/>\n    <span class=\"wpcf7-form-control-wrap your-subject\"><input type=\"text\" name=\"your-subject\" value=\"\" size=\"40\" class=\"wpcf7-form-control wpcf7-text\" aria-invalid=\"false\" \/><\/span> <\/p>\n<p>Mensaje<br \/>\n    <span class=\"wpcf7-form-control-wrap your-message\"><textarea name=\"your-message\" cols=\"40\" rows=\"10\" class=\"wpcf7-form-control wpcf7-textarea\" aria-invalid=\"false\"><\/textarea><\/span> <\/p>\n\n<p><input type=\"submit\" value=\"Enviar\" class=\"wpcf7-form-control wpcf7-submit\" \/><\/p>\n<div class=\"wpcf7-response-output\" aria-hidden=\"true\"><\/div><\/form><\/div>\n<p>&nbsp;<\/p>\n[\/spb_text_block] [\/spb_column] [spb_column col_sm=\u00bb3&#8243; padding_horizontal=\u00bb0&#8243; width=\u00bb1\/4&#8243; el_position=\u00bblast\u00bb] [\/spb_column] [spb_row element_name=\u00bbRow\u00bb wrap_type=\u00bbfull-width\u00bb row_bg_type=\u00bbcolor\u00bb row_bg_color=\u00bb#999999&#8243; bg_type=\u00bbcover\u00bb parallax_image_height=\u00bbcontent-height\u00bb parallax_image_movement=\u00bbfixed\u00bb parallax_image_speed=\u00bb0.5&#8243; bg_video_loop=\u00bbyes\u00bb parallax_video_height=\u00bbwindow-height\u00bb parallax_video_overlay=\u00bbnone\u00bb row_overlay_opacity=\u00bb0&#8243; remove_element_spacing=\u00bbno\u00bb row_col_pos=\u00bbdefault\u00bb width=\u00bb1\/1&#8243; el_position=\u00bbfirst last\u00bb] [spb_gmaps size=\u00bb450&#8243; type=\u00bbroadmap\u00bb zoom=\u00bb16&#8243; color=\u00bb#00c5c5&#8243; saturation=\u00bbcolor\u00bb fullscreen=\u00bbno\u00bb width=\u00bb1\/2&#8243; el_position=\u00bbfirst\u00bb] [spb_map_pin pin_title=\u00bbVeracruzana de Cine\u00bb address=\u00bbBelisario Dom\u00ednguez 31 Xalapa Veracruz Buscar en Google Maps\u00bb pin_latitude=\u00bb19.5249613&#8243; pin_longitude=\u00bb-96.92450600000001&#8243; width=\u00bb1\/1&#8243; el_position=\u00bbfirst last\u00bb] Click the edit button to change the map pin detail text. [\/spb_map_pin] [\/spb_gmaps] [spb_text_block animation=\u00bbnone\u00bb animation_delay=\u00bb0&#8243; simplified_controls=\u00bbyes\u00bb custom_css_percentage=\u00bbno\u00bb padding_vertical=\u00bb3&#8243; padding_horizontal=\u00bb8&#8243; margin_vertical=\u00bb0&#8243; border_size=\u00bb0&#8243; border_styling_global=\u00bbdefault\u00bb width=\u00bb1\/2&#8243; el_position=\u00bblast\u00bb]\n<h2><span style=\"color: #ffffff;\"><strong>UBICACI\u00d3N<\/strong><\/span><\/h2>\n<p><span style=\"color: #ffffff;\">Estamos ubicados a un costado de uno de los espacios p\u00fablicos m\u00e1s hermosos de la ciudad: el Paseo de los Lagos, la Unidad de Servicios Bibliogr\u00e1ficos de la Universidad Veracruzana, la Catedral de Xalapa y el parque Ju\u00e1rez. Adem\u00e1s, a unos pasos se encuentran recintos culturales como la Biblioteca Carlos Fuentes, El \u00c1gora de la Ciudad, la Pinacoteca Diego Rivera y la Facultad de Artes de la UV.<\/span><\/p>\n<p><span style=\"color: #ffffff;\"><span style=\"color: #2a3343;\">Direcci\u00f3n:<\/span> Belisario Dom\u00ednguez 31, Centro Hist\u00f3rico | Xalapa Veracruz C.P. 91000<\/span><br \/>\n<span style=\"color: #ffffff;\"><span style=\"color: #2a3343;\">Tel\u00e9fono:<\/span> 52 (228) 818 6862<\/span><br \/>\n<span style=\"color: #ffffff;\"><span style=\"color: #2a3343;\">Mail:<\/span> <a style=\"color: #ffffff;\" href=\"mailto:contacto@veracruzanadecine.com\">contacto@veracruzanadecine.com<\/a><\/span><\/p>\n<a class=\"sf-button standard green sf-icon-reveal  sf-button-has-icon\" href=\"https:\/\/goo.gl\/maps\/6MRRMqquLpA2\" target=\"_blank\" rel=\"\"><i class=\"fa-map-marker\"><\/i><span class=\"text\">COMPARTIR UBICACI\u00d3N<\/span><\/a>\n[\/spb_text_block] [\/spb_row]\n","protected":false},"excerpt":{"rendered":"<p>[spb_column col_sm=\u00bb3&#8243; padding_horizontal=\u00bb0&#8243; width=\u00bb1\/4&#8243; el_position=\u00bbfirst\u00bb] [\/spb_column] [spb_column col_sm=\u00bb6&#8243; padding_horizontal=\u00bb0&#8243; width=\u00bb1\/2&#8243;] [spb_text_block animation=\u00bbpop-up\u00bb animation_delay=\u00bb0&#8243; simplified_controls=\u00bbyes\u00bb custom_css_percentage=\u00bbno\u00bb padding_vertical=\u00bb0&#8243; padding_horizontal=\u00bb0&#8243; margin_vertical=\u00bb0&#8243; custom_css=\u00bbmargin-top: 0px;margin-bottom: 0px;\u00bb border_size=\u00bb0&#8243; border_styling_global=\u00bbdefault\u00bb width=\u00bb1\/1&#8243; el_position=\u00bbfirst last\u00bb] &nbsp; [\/spb_text_block] [\/spb_column] [spb_column col_sm=\u00bb3&#8243; padding_horizontal=\u00bb0&#8243; width=\u00bb1\/4&#8243; el_position=\u00bblast\u00bb] [\/spb_column] [spb_row element_name=\u00bbRow\u00bb wrap_type=\u00bbfull-width\u00bb row_bg_type=\u00bbcolor\u00bb row_bg_color=\u00bb#999999&#8243; bg_type=\u00bbcover\u00bb parallax_image_height=\u00bbcontent-height\u00bb parallax_image_movement=\u00bbfixed\u00bb parallax_image_speed=\u00bb0.5&#8243; bg_video_loop=\u00bbyes\u00bb parallax_video_height=\u00bbwindow-height\u00bb parallax_video_overlay=\u00bbnone\u00bb row_overlay_opacity=\u00bb0&#8243; remove_element_spacing=\u00bbno\u00bb row_col_pos=\u00bbdefault\u00bb width=\u00bb1\/1&#8243; el_position=\u00bbfirst last\u00bb] [spb_gmaps size=\u00bb450&#8243; type=\u00bbroadmap\u00bb zoom=\u00bb16&#8243; color=\u00bb#00c5c5&#8243; saturation=\u00bbcolor\u00bb fullscreen=\u00bbno\u00bb [&hellip;]<\/p>\n","protected":false},"author":1,"featured_media":0,"parent":0,"menu_order":0,"comment_status":"closed","ping_status":"closed","template":"","meta":[],"_links":{"self":[{"href":"https:\/\/veracruzanadecine.com\/inicio\/wp-json\/wp\/v2\/pages\/17"}],"collection":[{"href":"https:\/\/veracruzanadecine.com\/inicio\/wp-json\/wp\/v2\/pages"}],"about":[{"href":"https:\/\/veracruzanadecine.com\/inicio\/wp-json\/wp\/v2\/types\/page"}],"author":[{"embeddable":true,"href":"https:\/\/veracruzanadecine.com\/inicio\/wp-json\/wp\/v2\/users\/1"}],"replies":[{"embeddable":true,"href":"https:\/\/veracruzanadecine.com\/inicio\/wp-json\/wp\/v2\/comments?post=17"}],"version-history":[{"count":26,"href":"https:\/\/veracruzanadecine.com\/inicio\/wp-json\/wp\/v2\/pages\/17\/revisions"}],"predecessor-version":[{"id":540,"href":"https:\/\/veracruzanadecine.com\/inicio\/wp-json\/wp\/v2\/pages\/17\/revisions\/540"}],"wp:attachment":[{"href":"https:\/\/veracruzanadecine.com\/inicio\/wp-json\/wp\/v2\/media?parent=17"}],"curies":[{"name":"wp","href":"https:\/\/api.w.org\/{rel}","templated":true}]}}