{"id":1200,"date":"2016-01-13T22:24:09","date_gmt":"2016-01-13T22:24:09","guid":{"rendered":"http:\/\/veracruzanadecine.com\/inicio\/?page_id=1200"},"modified":"2024-07-04T00:18:29","modified_gmt":"2024-07-04T00:18:29","slug":"directorio","status":"publish","type":"page","link":"https:\/\/veracruzanadecine.com\/inicio\/la-escuela\/directorio\/","title":{"rendered":"DIRECTORIO"},"content":{"rendered":"[spb_column width=\u00bb1\/4&#8243; el_position=\u00bbfirst\u00bb] [\/spb_column] [spb_column width=\u00bb2\/3&#8243; el_position=\u00bblast\u00bb] [spb_text_block animation=\u00bbnone\u00bb animation_delay=\u00bb0&#8243; padding_vertical=\u00bb0&#8243; padding_horizontal=\u00bb0&#8243; width=\u00bb1\/1&#8243; el_position=\u00bbfirst last\u00bb]\n<p><span style=\"color: #00c5c5;\"><strong>Direcci\u00f3n General<\/strong><\/span> | <span style=\"color: #333333;\">Jimena Guarque Sober\u00f3n<\/span><br \/>\n<a href=\"mailto:jguarque@veracruzanadecine.com\">jguarque@veracruzanadecine.com<\/a><br \/>\n<!--\n\n<strong><span style=\"color: #00c5c5;\">Coordinaci\u00f3n General<\/span>\u00a0|\u00a0<\/strong>Daniel Mart\u00ednez Olivera\n<a href=\"mailto:dmartinez@veracruzanadecine.com\">dmartinez@veracruzanadecine.com<\/a>\n\n<strong><span style=\"color: #00c5c5;\">Administraci\u00f3n<\/span>\u00a0|\u00a0<\/strong>Mar\u00eda Isabel J\u00e1come Su\u00e1rez\n<a href=\"mailto:ijacome@veracruzanadecine.com\">ijacome@veracruzanadecine.com<\/a>\n--><br \/>\n<strong><span style=\"color: #00c5c5;\">Direcci\u00f3n Acad\u00e9mica<\/span>\u00a0|<\/strong> Harlett Alejandra Barradas Espinosa<br \/>\n<a href=\"mailto: abarradas@veracruzanadecine.com\"> abarradas@veracruzanadecine.com<\/a><\/p>\n<p><strong><span style=\"color: #00c5c5;\">Coordinaci\u00f3n Acad\u00e9mica <\/span>|<\/strong> Ing. Rafael L\u00f3pez V\u00e1squez<\/p>\n<p><strong><span style=\"color: #00c5c5;\">Coordinaci\u00f3n de \u00a0Diplomados y Proped\u00e9uticos <\/span>\u00a0|<\/strong> Marco Antonio L\u00f3pez Aguilar<br \/>\n<a href=\"mailto:contacto@veracruzanadecine.com\">contacto@veracruzanadecine.com<\/a><\/p>\n<p><strong><span style=\"color: #00c5c5;\">Servicios Escolares<\/span>\u00a0|<\/strong> Anel Maribel Verdejo Gonz\u00e1lez<br \/>\n<a href=\"mailto:averdejo@veracruzanadecine.com\">averdejo@veracruzanadecine.com<\/a><\/p>\n<p><strong><span style=\"color: #00c5c5;\">Responsable de\u00a0<span class=\"il\">bodega<\/span><\/span><\/strong> | Juan Carlos Mac\u00edas Flores<br \/>\n<a href=\"mailto:bodega@veracruzanadecine.com\">bodega@veracruzanadecine.com<\/a><\/p>\n<p><strong><span style=\"color: #00c5c5;\">Mantenimiento<\/span> |\u00a0<\/strong>Oscar Zapata Beltr\u00e1n<\/p>\n[\/spb_text_block] [\/spb_column] [spb_column width=\u00bb1\/6&#8243; el_position=\u00bbfirst last\u00bb] [\/spb_column]\n","protected":false},"excerpt":{"rendered":"<p>[spb_column width=\u00bb1\/4&#8243; el_position=\u00bbfirst\u00bb] [\/spb_column] [spb_column width=\u00bb2\/3&#8243; el_position=\u00bblast\u00bb] [spb_text_block animation=\u00bbnone\u00bb animation_delay=\u00bb0&#8243; padding_vertical=\u00bb0&#8243; padding_horizontal=\u00bb0&#8243; width=\u00bb1\/1&#8243; el_position=\u00bbfirst last\u00bb] Direcci\u00f3n General | Jimena Guarque Sober\u00f3n jguarque@veracruzanadecine.com Direcci\u00f3n Acad\u00e9mica\u00a0| Harlett Alejandra Barradas Espinosa abarradas@veracruzanadecine.com Coordinaci\u00f3n Acad\u00e9mica | Ing. Rafael L\u00f3pez V\u00e1squez Coordinaci\u00f3n de \u00a0Diplomados y Proped\u00e9uticos \u00a0| Marco Antonio L\u00f3pez Aguilar contacto@veracruzanadecine.com Servicios Escolares\u00a0| Anel Maribel Verdejo Gonz\u00e1lez averdejo@veracruzanadecine.com Responsable de\u00a0bodega | Juan Carlos Mac\u00edas [&hellip;]<\/p>\n","protected":false},"author":1,"featured_media":0,"parent":26,"menu_order":0,"comment_status":"closed","ping_status":"closed","template":"","meta":[],"_links":{"self":[{"href":"https:\/\/veracruzanadecine.com\/inicio\/wp-json\/wp\/v2\/pages\/1200"}],"collection":[{"href":"https:\/\/veracruzanadecine.com\/inicio\/wp-json\/wp\/v2\/pages"}],"about":[{"href":"https:\/\/veracruzanadecine.com\/inicio\/wp-json\/wp\/v2\/types\/page"}],"author":[{"embeddable":true,"href":"https:\/\/veracruzanadecine.com\/inicio\/wp-json\/wp\/v2\/users\/1"}],"replies":[{"embeddable":true,"href":"https:\/\/veracruzanadecine.com\/inicio\/wp-json\/wp\/v2\/comments?post=1200"}],"version-history":[{"count":37,"href":"https:\/\/veracruzanadecine.com\/inicio\/wp-json\/wp\/v2\/pages\/1200\/revisions"}],"predecessor-version":[{"id":9592,"href":"https:\/\/veracruzanadecine.com\/inicio\/wp-json\/wp\/v2\/pages\/1200\/revisions\/9592"}],"up":[{"embeddable":true,"href":"https:\/\/veracruzanadecine.com\/inicio\/wp-json\/wp\/v2\/pages\/26"}],"wp:attachment":[{"href":"https:\/\/veracruzanadecine.com\/inicio\/wp-json\/wp\/v2\/media?parent=1200"}],"curies":[{"name":"wp","href":"https:\/\/api.w.org\/{rel}","templated":true}]}}